{"id":146,"date":"2024-08-28T15:57:02","date_gmt":"2024-08-28T18:57:02","guid":{"rendered":"https:\/\/site.camarapassasete.rs.gov.br\/site\/?page_id=146"},"modified":"2024-08-28T16:20:21","modified_gmt":"2024-08-28T19:20:21","slug":"flavio-junior-ilha","status":"publish","type":"page","link":"https:\/\/site.camarapassasete.rs.gov.br\/site\/flavio-junior-ilha\/","title":{"rendered":"Flavio Junior Ilha"},"content":{"rendered":"\t\t<div data-elementor-type=\"wp-page\" data-elementor-id=\"146\" class=\"elementor elementor-146\" data-elementor-post-type=\"page\">\n\t\t\t\t<div class=\"elementor-element elementor-element-1c9d3f2 e-grid e-con-boxed e-con e-parent\" data-id=\"1c9d3f2\" data-element_type=\"container\">\n\t\t\t\t\t<div class=\"e-con-inner\">\n\t\t\t\t<div class=\"elementor-element elementor-element-1eeb4ef elementor-widget elementor-widget-image\" data-id=\"1eeb4ef\" data-element_type=\"widget\" data-widget_type=\"image.default\">\n\t\t\t\t<div class=\"elementor-widget-container\">\n\t\t\t\t\t\t\t\t\t\t\t\t\t<img fetchpriority=\"high\" decoding=\"async\" width=\"223\" height=\"312\" src=\"https:\/\/site.camarapassasete.rs.gov.br\/site\/wp-content\/uploads\/2024\/08\/Flavio.jpg\" class=\"attachment-large size-large wp-image-148\" alt=\"\" srcset=\"https:\/\/site.camarapassasete.rs.gov.br\/site\/wp-content\/uploads\/2024\/08\/Flavio.jpg 223w, https:\/\/site.camarapassasete.rs.gov.br\/site\/wp-content\/uploads\/2024\/08\/Flavio-214x300.jpg 214w\" sizes=\"(max-width: 223px) 100vw, 223px\" \/>\t\t\t\t\t\t\t\t\t\t\t\t\t<\/div>\n\t\t\t\t<\/div>\n\t\t\t\t<div class=\"elementor-element elementor-element-a8e9106 elementor-widget elementor-widget-text-editor\" data-id=\"a8e9106\" data-element_type=\"widget\" data-widget_type=\"text-editor.default\">\n\t\t\t\t<div class=\"elementor-widget-container\">\n\t\t\t<style>\/*! elementor - v3.23.0 - 05-08-2024 *\/\n.elementor-widget-text-editor.elementor-drop-cap-view-stacked .elementor-drop-cap{background-color:#69727d;color:#fff}.elementor-widget-text-editor.elementor-drop-cap-view-framed .elementor-drop-cap{color:#69727d;border:3px solid;background-color:transparent}.elementor-widget-text-editor:not(.elementor-drop-cap-view-default) .elementor-drop-cap{margin-top:8px}.elementor-widget-text-editor:not(.elementor-drop-cap-view-default) .elementor-drop-cap-letter{width:1em;height:1em}.elementor-widget-text-editor .elementor-drop-cap{float:left;text-align:center;line-height:1;font-size:50px}.elementor-widget-text-editor .elementor-drop-cap-letter{display:inline-block}<\/style>\t\t\t\t<p><strong>FLAVIO JUNIOR ILHA<\/strong><\/p><p><strong>Partido:<\/strong> <br \/>PDT<\/p><p><strong>Data de nascimento:<\/strong> <br \/>20\/07\/1982<\/p><p><strong>Identidade:<\/strong> <br \/>8089234382 SJS\/RS<\/p><p><strong>CPF:<\/strong> <br \/>006.042.680-25<\/p><p><strong>Celular:<\/strong> <br \/>51 99653-4799<\/p><p><strong>Endere\u00e7o:<\/strong> <br \/>Travessa Karnopp &#8211; Passa Sete RS<\/p><p><strong>E-mail:<\/strong><\/p><p>\u00a0<\/p>\t\t\t\t\t\t<\/div>\n\t\t\t\t<\/div>\n\t\t\t\t<div class=\"elementor-element elementor-element-a43ef8c elementor-widget elementor-widget-text-editor\" data-id=\"a43ef8c\" data-element_type=\"widget\" data-widget_type=\"text-editor.default\">\n\t\t\t\t<div class=\"elementor-widget-container\">\n\t\t\t\t\t\t\t<p><strong>PERFIL:<\/strong><\/p><p><strong>BIOGRAFIA(*)<\/strong><\/p><p>FL\u00c1VIO JUNIOR ILHA nasceu em 20\/07\/1982, em Sobradinho, filho de Celina Machado da Silveira e Nilton Ilha. Agricultor de profiss\u00e3o, possui por escolaridade o 1\u00ba grau completo. \u00c9 casado com Daiana \u00c1urea Faber Ilha e pai de Dyenifer Dyulia Ilha, Mar\u00edlia Stefani Ilha e Lu\u00edza Manuella Ilha. Iniciou sua vida pol\u00edtica no ano de 2016, concorrendo pelo PTB para o cargo de Vereador, sendo eleito vereador suplente com 173 votos; nas elei\u00e7\u00f5es de 2020, tamb\u00e9m pelo PTB, foi eleito com 273 votos. Foi l\u00edder ou vice-l\u00edder da turma de escola por v\u00e1rios anos, presidente de comunidades, presidente da juventude rural municipal e vice-presidente da Associa\u00e7\u00e3o de Juventude Rural Regional. Possui como lema \u201camizade, dedica\u00e7\u00e3o e persist\u00eancia\u201d.<\/p><p>(*) este texto foi redigido sob responsabilidade do Vereador biografado<\/p>\t\t\t\t\t\t<\/div>\n\t\t\t\t<\/div>\n\t\t\t\t\t<\/div>\n\t\t\t\t<\/div>\n\t\t\t\t<\/div>\n\t\t","protected":false},"excerpt":{"rendered":"<p>FLAVIO JUNIOR ILHA Partido: PDT Data de nascimento: 20\/07\/1982 Identidade: 8089234382 SJS\/RS CPF: 006.042.680-25 Celular: 51 99653-4799 Endere\u00e7o: Travessa Karnopp [&hellip;]<\/p>\n","protected":false},"author":2,"featured_media":0,"parent":0,"menu_order":0,"comment_status":"closed","ping_status":"closed","template":"","meta":{"site-sidebar-layout":"no-sidebar","site-content-layout":"","ast-site-content-layout":"full-width-container","site-content-style":"default","site-sidebar-style":"default","ast-global-header-display":"","ast-banner-title-visibility":"","ast-main-header-display":"","ast-hfb-above-header-display":"","ast-hfb-below-header-display":"","ast-hfb-mobile-header-display":"","site-post-title":"disabled","ast-breadcrumbs-content":"","ast-featured-img":"disabled","footer-sml-layout":"","theme-transparent-header-meta":"","adv-header-id-meta":"","stick-header-meta":"","header-above-stick-meta":"","header-main-stick-meta":"","header-below-stick-meta":"","astra-migrate-meta-layouts":"default","ast-page-background-enabled":"default","ast-page-background-meta":{"desktop":{"background-color":"var(--ast-global-color-4)","background-image":"","background-repeat":"repeat","background-position":"center center","background-size":"auto","background-attachment":"scroll","background-type":"","background-media":"","overlay-type":"","overlay-color":"","overlay-opacity":"","overlay-gradient":""},"tablet":{"background-color":"","background-image":"","background-repeat":"repeat","background-position":"center center","background-size":"auto","background-attachment":"scroll","background-type":"","background-media":"","overlay-type":"","overlay-color":"","overlay-opacity":"","overlay-gradient":""},"mobile":{"background-color":"","background-image":"","background-repeat":"repeat","background-position":"center center","background-size":"auto","background-attachment":"scroll","background-type":"","background-media":"","overlay-type":"","overlay-color":"","overlay-opacity":"","overlay-gradient":""}},"ast-content-background-meta":{"desktop":{"background-color":"var(--ast-global-color-5)","background-image":"","background-repeat":"repeat","background-position":"center center","background-size":"auto","background-attachment":"scroll","background-type":"","background-media":"","overlay-type":"","overlay-color":"","overlay-opacity":"","overlay-gradient":""},"tablet":{"background-color":"var(--ast-global-color-5)","background-image":"","background-repeat":"repeat","background-position":"center center","background-size":"auto","background-attachment":"scroll","background-type":"","background-media":"","overlay-type":"","overlay-color":"","overlay-opacity":"","overlay-gradient":""},"mobile":{"background-color":"var(--ast-global-color-5)","background-image":"","background-repeat":"repeat","background-position":"center center","background-size":"auto","background-attachment":"scroll","background-type":"","background-media":"","overlay-type":"","overlay-color":"","overlay-opacity":"","overlay-gradient":""}},"footnotes":""},"class_list":["post-146","page","type-page","status-publish","hentry"],"_links":{"self":[{"href":"https:\/\/site.camarapassasete.rs.gov.br\/site\/wp-json\/wp\/v2\/pages\/146","targetHints":{"allow":["GET"]}}],"collection":[{"href":"https:\/\/site.camarapassasete.rs.gov.br\/site\/wp-json\/wp\/v2\/pages"}],"about":[{"href":"https:\/\/site.camarapassasete.rs.gov.br\/site\/wp-json\/wp\/v2\/types\/page"}],"author":[{"embeddable":true,"href":"https:\/\/site.camarapassasete.rs.gov.br\/site\/wp-json\/wp\/v2\/users\/2"}],"replies":[{"embeddable":true,"href":"https:\/\/site.camarapassasete.rs.gov.br\/site\/wp-json\/wp\/v2\/comments?post=146"}],"version-history":[{"count":10,"href":"https:\/\/site.camarapassasete.rs.gov.br\/site\/wp-json\/wp\/v2\/pages\/146\/revisions"}],"predecessor-version":[{"id":205,"href":"https:\/\/site.camarapassasete.rs.gov.br\/site\/wp-json\/wp\/v2\/pages\/146\/revisions\/205"}],"wp:attachment":[{"href":"https:\/\/site.camarapassasete.rs.gov.br\/site\/wp-json\/wp\/v2\/media?parent=146"}],"curies":[{"name":"wp","href":"https:\/\/api.w.org\/{rel}","templated":true}]}}