{"id":158,"date":"2024-08-28T16:00:15","date_gmt":"2024-08-28T19:00:15","guid":{"rendered":"https:\/\/site.camarapassasete.rs.gov.br\/site\/?page_id=158"},"modified":"2024-08-28T16:23:18","modified_gmt":"2024-08-28T19:23:18","slug":"loreno-luis-lopes","status":"publish","type":"page","link":"https:\/\/site.camarapassasete.rs.gov.br\/site\/loreno-luis-lopes\/","title":{"rendered":"Loreno Luis Lopes"},"content":{"rendered":"\t\t<div data-elementor-type=\"wp-page\" data-elementor-id=\"158\" class=\"elementor elementor-158\" data-elementor-post-type=\"page\">\n\t\t\t\t<div class=\"elementor-element elementor-element-8c65d18 e-grid e-con-boxed e-con e-parent\" data-id=\"8c65d18\" data-element_type=\"container\">\n\t\t\t\t\t<div class=\"e-con-inner\">\n\t\t\t\t<div class=\"elementor-element elementor-element-197f4d2 elementor-widget elementor-widget-image\" data-id=\"197f4d2\" data-element_type=\"widget\" data-widget_type=\"image.default\">\n\t\t\t\t<div class=\"elementor-widget-container\">\n\t\t\t\t\t\t\t\t\t\t\t\t\t<img fetchpriority=\"high\" decoding=\"async\" width=\"223\" height=\"312\" src=\"https:\/\/site.camarapassasete.rs.gov.br\/site\/wp-content\/uploads\/2024\/08\/loreno.jpg\" class=\"attachment-large size-large wp-image-160\" alt=\"\" srcset=\"https:\/\/site.camarapassasete.rs.gov.br\/site\/wp-content\/uploads\/2024\/08\/loreno.jpg 223w, https:\/\/site.camarapassasete.rs.gov.br\/site\/wp-content\/uploads\/2024\/08\/loreno-214x300.jpg 214w\" sizes=\"(max-width: 223px) 100vw, 223px\" \/>\t\t\t\t\t\t\t\t\t\t\t\t\t<\/div>\n\t\t\t\t<\/div>\n\t\t\t\t<div class=\"elementor-element elementor-element-fd8aeb4 elementor-widget elementor-widget-text-editor\" data-id=\"fd8aeb4\" data-element_type=\"widget\" data-widget_type=\"text-editor.default\">\n\t\t\t\t<div class=\"elementor-widget-container\">\n\t\t\t<style>\/*! elementor - v3.23.0 - 05-08-2024 *\/\n.elementor-widget-text-editor.elementor-drop-cap-view-stacked .elementor-drop-cap{background-color:#69727d;color:#fff}.elementor-widget-text-editor.elementor-drop-cap-view-framed .elementor-drop-cap{color:#69727d;border:3px solid;background-color:transparent}.elementor-widget-text-editor:not(.elementor-drop-cap-view-default) .elementor-drop-cap{margin-top:8px}.elementor-widget-text-editor:not(.elementor-drop-cap-view-default) .elementor-drop-cap-letter{width:1em;height:1em}.elementor-widget-text-editor .elementor-drop-cap{float:left;text-align:center;line-height:1;font-size:50px}.elementor-widget-text-editor .elementor-drop-cap-letter{display:inline-block}<\/style>\t\t\t\t<p><strong>LORENO LUIS LOPES<\/strong><\/p><p><strong>Partido:<\/strong> <br \/>PL<\/p><p><strong>Data de nascimento:<\/strong> <br \/>12\/10\/1997<\/p><p><strong>Identidade:<\/strong> <br \/>5068907202 SSP\/RS<\/p><p><strong>CPF:<\/strong> <br \/>536.626.100-78<\/p><p><strong>Telefone:<\/strong> <br \/>51 99759-0821<\/p><p><strong>Endere\u00e7o:<\/strong> <br \/>Serra Velha &#8211; Passa Sete &#8211; RS<\/p><p><strong>E-mail:<\/strong><\/p>\t\t\t\t\t\t<\/div>\n\t\t\t\t<\/div>\n\t\t\t\t<div class=\"elementor-element elementor-element-c48acc9 elementor-widget elementor-widget-text-editor\" data-id=\"c48acc9\" data-element_type=\"widget\" data-widget_type=\"text-editor.default\">\n\t\t\t\t<div class=\"elementor-widget-container\">\n\t\t\t\t\t\t\t<p><strong>PERFIL:<\/strong><\/p><p><strong>BIOGRAFIA(*)<\/strong><\/p><p>LORENO LUIS LOPES agricultor, nascido em Candel\u00e1ria em 17\/10\/1976, filho de Valdevino Ant\u00f4nio Lopes e Hilda Irena Lopes. \u00c9 companheiro de Jane do Prado e pai de Maicon Antonio Pacheco, Dornel Giehl, Luana Luiza Lopes e Luiz Antonio Lopes. Em sua vida profissionacomo lider de grupo, na Comax Ind\u00fastria e Com\u00e9rcio (S\u00e3o Leopoldo) , operador qu\u00edmico, na Mizzou Compontentes para Cal\u00e7ados (S\u00e3o Leopoldo) e como camioneiro, ap\u00f3s o que voltou \u00e0 agricultura, onde trabalha at\u00e9 os tempos atuais. Na vida pol\u00edotica, ingressou no PMDB em 2009, migrando para o PTB em 2011, partido no qual concorreu a Vereador em 2012, ficando suplente, com 170 votos; em 2016, foi eleito vereador com 2020 votos, tamb\u00e9m pelo PTB. \u00c9 membro ativo da comunidade Santo Anjo da Guarda, de Serra Velha, sendo o atual Presidente da comunidade; auxilia em diversas comunidades do Munic\u00edpio, principalmente em suas festas e eventos. Possui como lema a frase &#8220;Deus acima de tudo&#8221;.<\/p><p>(*) este texto foi redigido sob responsabilidade do Vereador biografado<\/p>\t\t\t\t\t\t<\/div>\n\t\t\t\t<\/div>\n\t\t\t\t\t<\/div>\n\t\t\t\t<\/div>\n\t\t\t\t<\/div>\n\t\t","protected":false},"excerpt":{"rendered":"<p>LORENO LUIS LOPES Partido: PL Data de nascimento: 12\/10\/1997 Identidade: 5068907202 SSP\/RS CPF: 536.626.100-78 Telefone: 51 99759-0821 Endere\u00e7o: Serra Velha [&hellip;]<\/p>\n","protected":false},"author":2,"featured_media":0,"parent":0,"menu_order":0,"comment_status":"closed","ping_status":"closed","template":"","meta":{"site-sidebar-layout":"no-sidebar","site-content-layout":"","ast-site-content-layout":"full-width-container","site-content-style":"default","site-sidebar-style":"default","ast-global-header-display":"","ast-banner-title-visibility":"","ast-main-header-display":"","ast-hfb-above-header-display":"","ast-hfb-below-header-display":"","ast-hfb-mobile-header-display":"","site-post-title":"disabled","ast-breadcrumbs-content":"","ast-featured-img":"disabled","footer-sml-layout":"","theme-transparent-header-meta":"","adv-header-id-meta":"","stick-header-meta":"","header-above-stick-meta":"","header-main-stick-meta":"","header-below-stick-meta":"","astra-migrate-meta-layouts":"default","ast-page-background-enabled":"default","ast-page-background-meta":{"desktop":{"background-color":"var(--ast-global-color-4)","background-image":"","background-repeat":"repeat","background-position":"center center","background-size":"auto","background-attachment":"scroll","background-type":"","background-media":"","overlay-type":"","overlay-color":"","overlay-opacity":"","overlay-gradient":""},"tablet":{"background-color":"","background-image":"","background-repeat":"repeat","background-position":"center center","background-size":"auto","background-attachment":"scroll","background-type":"","background-media":"","overlay-type":"","overlay-color":"","overlay-opacity":"","overlay-gradient":""},"mobile":{"background-color":"","background-image":"","background-repeat":"repeat","background-position":"center center","background-size":"auto","background-attachment":"scroll","background-type":"","background-media":"","overlay-type":"","overlay-color":"","overlay-opacity":"","overlay-gradient":""}},"ast-content-background-meta":{"desktop":{"background-color":"var(--ast-global-color-5)","background-image":"","background-repeat":"repeat","background-position":"center center","background-size":"auto","background-attachment":"scroll","background-type":"","background-media":"","overlay-type":"","overlay-color":"","overlay-opacity":"","overlay-gradient":""},"tablet":{"background-color":"var(--ast-global-color-5)","background-image":"","background-repeat":"repeat","background-position":"center center","background-size":"auto","background-attachment":"scroll","background-type":"","background-media":"","overlay-type":"","overlay-color":"","overlay-opacity":"","overlay-gradient":""},"mobile":{"background-color":"var(--ast-global-color-5)","background-image":"","background-repeat":"repeat","background-position":"center center","background-size":"auto","background-attachment":"scroll","background-type":"","background-media":"","overlay-type":"","overlay-color":"","overlay-opacity":"","overlay-gradient":""}},"footnotes":""},"class_list":["post-158","page","type-page","status-publish","hentry"],"_links":{"self":[{"href":"https:\/\/site.camarapassasete.rs.gov.br\/site\/wp-json\/wp\/v2\/pages\/158","targetHints":{"allow":["GET"]}}],"collection":[{"href":"https:\/\/site.camarapassasete.rs.gov.br\/site\/wp-json\/wp\/v2\/pages"}],"about":[{"href":"https:\/\/site.camarapassasete.rs.gov.br\/site\/wp-json\/wp\/v2\/types\/page"}],"author":[{"embeddable":true,"href":"https:\/\/site.camarapassasete.rs.gov.br\/site\/wp-json\/wp\/v2\/users\/2"}],"replies":[{"embeddable":true,"href":"https:\/\/site.camarapassasete.rs.gov.br\/site\/wp-json\/wp\/v2\/comments?post=158"}],"version-history":[{"count":7,"href":"https:\/\/site.camarapassasete.rs.gov.br\/site\/wp-json\/wp\/v2\/pages\/158\/revisions"}],"predecessor-version":[{"id":211,"href":"https:\/\/site.camarapassasete.rs.gov.br\/site\/wp-json\/wp\/v2\/pages\/158\/revisions\/211"}],"wp:attachment":[{"href":"https:\/\/site.camarapassasete.rs.gov.br\/site\/wp-json\/wp\/v2\/media?parent=158"}],"curies":[{"name":"wp","href":"https:\/\/api.w.org\/{rel}","templated":true}]}}