{"id":221,"date":"2024-08-28T16:28:36","date_gmt":"2024-08-28T19:28:36","guid":{"rendered":"https:\/\/site.camarapassasete.rs.gov.br\/site\/?page_id=221"},"modified":"2025-01-31T17:33:56","modified_gmt":"2025-01-31T20:33:56","slug":"sidnei-santos-vieira","status":"publish","type":"page","link":"https:\/\/site.camarapassasete.rs.gov.br\/site\/sidnei-santos-vieira\/","title":{"rendered":"Valdemar Rodrigues de Moraes"},"content":{"rendered":"\t\t<div data-elementor-type=\"wp-page\" data-elementor-id=\"221\" class=\"elementor elementor-221\" data-elementor-post-type=\"page\">\n\t\t\t\t<div class=\"elementor-element elementor-element-c8e31af e-grid e-con-boxed e-con e-parent\" data-id=\"c8e31af\" data-element_type=\"container\">\n\t\t\t\t\t<div class=\"e-con-inner\">\n\t\t\t\t<div class=\"elementor-element elementor-element-8fc9248 elementor-widget elementor-widget-image\" data-id=\"8fc9248\" data-element_type=\"widget\" data-widget_type=\"image.default\">\n\t\t\t\t<div class=\"elementor-widget-container\">\n\t\t\t\t\t\t\t\t\t\t\t\t\t<img fetchpriority=\"high\" decoding=\"async\" width=\"873\" height=\"1024\" src=\"https:\/\/site.camarapassasete.rs.gov.br\/site\/wp-content\/uploads\/2025\/01\/Valdemar1-873x1024.jpg\" class=\"attachment-large size-large wp-image-2996\" alt=\"\" srcset=\"https:\/\/site.camarapassasete.rs.gov.br\/site\/wp-content\/uploads\/2025\/01\/Valdemar1-873x1024.jpg 873w, https:\/\/site.camarapassasete.rs.gov.br\/site\/wp-content\/uploads\/2025\/01\/Valdemar1-256x300.jpg 256w, https:\/\/site.camarapassasete.rs.gov.br\/site\/wp-content\/uploads\/2025\/01\/Valdemar1-768x901.jpg 768w, https:\/\/site.camarapassasete.rs.gov.br\/site\/wp-content\/uploads\/2025\/01\/Valdemar1.jpg 957w\" sizes=\"(max-width: 873px) 100vw, 873px\" \/>\t\t\t\t\t\t\t\t\t\t\t\t\t<\/div>\n\t\t\t\t<\/div>\n\t\t\t\t<div class=\"elementor-element elementor-element-9cafad6 elementor-widget elementor-widget-text-editor\" data-id=\"9cafad6\" data-element_type=\"widget\" data-widget_type=\"text-editor.default\">\n\t\t\t\t<div class=\"elementor-widget-container\">\n\t\t\t<style>\/*! elementor - v3.23.0 - 05-08-2024 *\/\n.elementor-widget-text-editor.elementor-drop-cap-view-stacked .elementor-drop-cap{background-color:#69727d;color:#fff}.elementor-widget-text-editor.elementor-drop-cap-view-framed .elementor-drop-cap{color:#69727d;border:3px solid;background-color:transparent}.elementor-widget-text-editor:not(.elementor-drop-cap-view-default) .elementor-drop-cap{margin-top:8px}.elementor-widget-text-editor:not(.elementor-drop-cap-view-default) .elementor-drop-cap-letter{width:1em;height:1em}.elementor-widget-text-editor .elementor-drop-cap{float:left;text-align:center;line-height:1;font-size:50px}.elementor-widget-text-editor .elementor-drop-cap-letter{display:inline-block}<\/style>\t\t\t\t<p><strong><span style=\"font-size: 11.0pt; line-height: 115%; font-family: 'Arial',sans-serif; mso-fareast-font-family: Calibri; mso-fareast-theme-font: minor-latin; mso-ansi-language: PT-BR; mso-fareast-language: EN-US; mso-bidi-language: AR-SA;\">VALDEMAR RODRIGUES DE MORAES\u00a0<\/span><\/strong><\/p><p><strong>Partido:\u00a0<\/strong><span style=\"text-align: var(--text-align); background-color: var(--ast-global-color-5);\">PL<\/span><\/p><p><strong>Data de nascimento:\u00a0<\/strong><span style=\"text-align: var(--text-align); background-color: var(--ast-global-color-5);\">27 de abril de 1983<\/span><\/p><p><strong>Telefone: <\/strong>51980335320<\/p><p><strong>E-mail:<\/strong><\/p>\t\t\t\t\t\t<\/div>\n\t\t\t\t<\/div>\n\t\t\t\t<div class=\"elementor-element elementor-element-40d6400 elementor-widget elementor-widget-text-editor\" data-id=\"40d6400\" data-element_type=\"widget\" data-widget_type=\"text-editor.default\">\n\t\t\t\t<div class=\"elementor-widget-container\">\n\t\t\t\t\t\t\t<p><strong>PERFIL:<\/strong><\/p><p><strong>BIOGRAFIA(*)<\/strong><\/p><p>Valdemar Rodrigues de Moraes, mais conhecido como Marico, nasceu em 27 de abril de 1983, na cidade de Sobradinho, no Rio Grande do Sul. Filho de Dalmiro Rodrigues de Moraes e Vilma de Moraes, cresceu em meio \u00e0 vida no campo, onde aprendeu desde cedo os valores do trabalho e da dedica\u00e7\u00e3o. Casado com Alcione Rodrigues de Moraes, \u00e9 pai de tr\u00eas filhos: Diego Rodrigues de Moraes, Diele Rodrigues de Moraes e Douglas Rodrigues de Moraes. Reside na localidade de Carijo do Buraco, no interior de Passa Sete, construiu sua trajet\u00f3ria baseada no esfor\u00e7o, na honestidade e no compromisso com sua comunidade. Desde jovem, dedicou-se \u00e0 agricultura, tornando-se um produtor comprometido com o cultivo de tabaco, milho e feij\u00e3o. Sua escolaridade \u00e9 ensino fundamental incompleto.<br \/>Al\u00e9m de sua atua\u00e7\u00e3o como agricultor, Marico sempre esteve engajado nas atividades comunit\u00e1rias. Em 2018 e 2019, integrou a diretoria da Comunidade do Divino Esp\u00edrito Santo, ajudando a organizar eventos e fortalecer a participa\u00e7\u00e3o dos moradores nas festividades religiosas. No mesmo per\u00edodo, tamb\u00e9m fez parte da diretoria do (CPM) da Escola Carmen Lisboa Trindade. Tamb\u00e9m atuou como motorista do transporte escolar por cinco anos na empresa Pantz. Al\u00e9m disso, \u00e9 um dos fundadores da H\u00edpica dos Taipas. <br \/>Com o passar dos anos, sua vontade de fazer mais pela popula\u00e7\u00e3o de Passa Sete o motivou a ingressar na pol\u00edtica. Em 2020, candidatou-se pela primeira vez ao cargo de vereador pelo partido PDT. Com 106 votos, ficou como suplente. Em 2024, Marico concorreu novamente, desta vez pelo partido PL, foi eleito vereador com 231 votos. <\/p>\t\t\t\t\t\t<\/div>\n\t\t\t\t<\/div>\n\t\t\t\t\t<\/div>\n\t\t\t\t<\/div>\n\t\t\t\t<\/div>\n\t\t","protected":false},"excerpt":{"rendered":"<p>VALDEMAR RODRIGUES DE MORAES\u00a0 Partido:\u00a0PL Data de nascimento:\u00a027 de abril de 1983 Telefone: 51980335320 E-mail: PERFIL: BIOGRAFIA(*) Valdemar Rodrigues de [&hellip;]<\/p>\n","protected":false},"author":2,"featured_media":0,"parent":0,"menu_order":0,"comment_status":"closed","ping_status":"closed","template":"","meta":{"site-sidebar-layout":"no-sidebar","site-content-layout":"","ast-site-content-layout":"full-width-container","site-content-style":"default","site-sidebar-style":"default","ast-global-header-display":"","ast-banner-title-visibility":"","ast-main-header-display":"","ast-hfb-above-header-display":"","ast-hfb-below-header-display":"","ast-hfb-mobile-header-display":"","site-post-title":"disabled","ast-breadcrumbs-content":"","ast-featured-img":"disabled","footer-sml-layout":"","theme-transparent-header-meta":"","adv-header-id-meta":"","stick-header-meta":"","header-above-stick-meta":"","header-main-stick-meta":"","header-below-stick-meta":"","astra-migrate-meta-layouts":"default","ast-page-background-enabled":"default","ast-page-background-meta":{"desktop":{"background-color":"var(--ast-global-color-4)","background-image":"","background-repeat":"repeat","background-position":"center center","background-size":"auto","background-attachment":"scroll","background-type":"","background-media":"","overlay-type":"","overlay-color":"","overlay-opacity":"","overlay-gradient":""},"tablet":{"background-color":"","background-image":"","background-repeat":"repeat","background-position":"center center","background-size":"auto","background-attachment":"scroll","background-type":"","background-media":"","overlay-type":"","overlay-color":"","overlay-opacity":"","overlay-gradient":""},"mobile":{"background-color":"","background-image":"","background-repeat":"repeat","background-position":"center center","background-size":"auto","background-attachment":"scroll","background-type":"","background-media":"","overlay-type":"","overlay-color":"","overlay-opacity":"","overlay-gradient":""}},"ast-content-background-meta":{"desktop":{"background-color":"var(--ast-global-color-5)","background-image":"","background-repeat":"repeat","background-position":"center center","background-size":"auto","background-attachment":"scroll","background-type":"","background-media":"","overlay-type":"","overlay-color":"","overlay-opacity":"","overlay-gradient":""},"tablet":{"background-color":"var(--ast-global-color-5)","background-image":"","background-repeat":"repeat","background-position":"center center","background-size":"auto","background-attachment":"scroll","background-type":"","background-media":"","overlay-type":"","overlay-color":"","overlay-opacity":"","overlay-gradient":""},"mobile":{"background-color":"var(--ast-global-color-5)","background-image":"","background-repeat":"repeat","background-position":"center center","background-size":"auto","background-attachment":"scroll","background-type":"","background-media":"","overlay-type":"","overlay-color":"","overlay-opacity":"","overlay-gradient":""}},"footnotes":""},"class_list":["post-221","page","type-page","status-publish","hentry"],"_links":{"self":[{"href":"https:\/\/site.camarapassasete.rs.gov.br\/site\/wp-json\/wp\/v2\/pages\/221","targetHints":{"allow":["GET"]}}],"collection":[{"href":"https:\/\/site.camarapassasete.rs.gov.br\/site\/wp-json\/wp\/v2\/pages"}],"about":[{"href":"https:\/\/site.camarapassasete.rs.gov.br\/site\/wp-json\/wp\/v2\/types\/page"}],"author":[{"embeddable":true,"href":"https:\/\/site.camarapassasete.rs.gov.br\/site\/wp-json\/wp\/v2\/users\/2"}],"replies":[{"embeddable":true,"href":"https:\/\/site.camarapassasete.rs.gov.br\/site\/wp-json\/wp\/v2\/comments?post=221"}],"version-history":[{"count":11,"href":"https:\/\/site.camarapassasete.rs.gov.br\/site\/wp-json\/wp\/v2\/pages\/221\/revisions"}],"predecessor-version":[{"id":3007,"href":"https:\/\/site.camarapassasete.rs.gov.br\/site\/wp-json\/wp\/v2\/pages\/221\/revisions\/3007"}],"wp:attachment":[{"href":"https:\/\/site.camarapassasete.rs.gov.br\/site\/wp-json\/wp\/v2\/media?parent=221"}],"curies":[{"name":"wp","href":"https:\/\/api.w.org\/{rel}","templated":true}]}}