{"id":3467,"date":"2025-03-20T14:49:17","date_gmt":"2025-03-20T17:49:17","guid":{"rendered":"https:\/\/site.camarapassasete.rs.gov.br\/site\/?page_id=3467"},"modified":"2025-03-20T14:49:39","modified_gmt":"2025-03-20T17:49:39","slug":"mocoes-aprovadas","status":"publish","type":"page","link":"https:\/\/site.camarapassasete.rs.gov.br\/site\/mocoes-aprovadas\/","title":{"rendered":"Mo\u00e7\u00f5es Aprovadas"},"content":{"rendered":"\t\t<div data-elementor-type=\"wp-page\" data-elementor-id=\"3467\" class=\"elementor elementor-3467\" data-elementor-post-type=\"page\">\n\t\t\t\t<div class=\"elementor-element elementor-element-5ec8df4 e-flex e-con-boxed e-con e-parent\" data-id=\"5ec8df4\" data-element_type=\"container\">\n\t\t\t\t\t<div class=\"e-con-inner\">\n\t\t\t\t<div class=\"elementor-element elementor-element-770b32b elementor-widget elementor-widget-shortcode\" data-id=\"770b32b\" data-element_type=\"widget\" data-widget_type=\"shortcode.default\">\n\t\t\t\t<div class=\"elementor-widget-container\">\n\t\t\t\t\t<div class=\"elementor-shortcode\"><div class=\"sdm_download_item \"><div class=\"sdm_download_item_top\"><div class=\"sdm_download_thumbnail\"><\/div><div class=\"sdm_download_title\">Mo\u00e7\u00e3o de Aplausos 006-2025.doc<\/div><\/div><div style=\"clear:both;\"><\/div><div class=\"sdm_download_description\"><\/div><div class=\"sdm_download_link\"><span class=\"sdm_download_button\"><a href=\"https:\/\/site.camarapassasete.rs.gov.br\/site\/?sdm_process_download=1&download_id=7667\" class=\"sdm_download green\" title=\"Mo\u00e7\u00e3o de Aplausos 006-2025.doc\" target=\"_self\">Baixar agora!<\/a><\/span><span class=\"sdm_download_item_count\"><span class=\"sdm_item_count_number\">29<\/span><span class=\"sdm_item_count_string\"> Downloads<\/span><\/span><\/div><\/div><div class=\"sdm_download_item \"><div class=\"sdm_download_item_top\"><div class=\"sdm_download_thumbnail\"><\/div><div class=\"sdm_download_title\">Mo\u00e7\u00e3o de Reconhecimento 005-2025 EMATER -ASCAR<\/div><\/div><div style=\"clear:both;\"><\/div><div class=\"sdm_download_description\"><\/div><div class=\"sdm_download_link\"><span class=\"sdm_download_button\"><a href=\"https:\/\/site.camarapassasete.rs.gov.br\/site\/?sdm_process_download=1&download_id=7257\" class=\"sdm_download green\" title=\"Mo\u00e7\u00e3o de Reconhecimento 005-2025 EMATER -ASCAR\" target=\"_self\">Baixar agora!<\/a><\/span><span class=\"sdm_download_item_count\"><span class=\"sdm_item_count_number\">59<\/span><span class=\"sdm_item_count_string\"> Downloads<\/span><\/span><\/div><\/div><div class=\"sdm_download_item \"><div class=\"sdm_download_item_top\"><div class=\"sdm_download_thumbnail\"><\/div><div class=\"sdm_download_title\">Mo\u00e7\u00e3o de Reconhecimento 002-2025 Trabalhadoras<\/div><\/div><div style=\"clear:both;\"><\/div><div class=\"sdm_download_description\"><\/div><div class=\"sdm_download_link\"><span class=\"sdm_download_button\"><a href=\"https:\/\/site.camarapassasete.rs.gov.br\/site\/?sdm_process_download=1&download_id=3521\" class=\"sdm_download green\" title=\"Mo\u00e7\u00e3o de Reconhecimento 002-2025 Trabalhadoras\" target=\"_self\">Baixar agora!<\/a><\/span><span class=\"sdm_download_item_count\"><span class=\"sdm_item_count_number\">53<\/span><span class=\"sdm_item_count_string\"> Downloads<\/span><\/span><\/div><\/div><div class=\"sdm_download_item \"><div class=\"sdm_download_item_top\"><div class=\"sdm_download_thumbnail\"><\/div><div class=\"sdm_download_title\">Mo\u00e7\u00e3o de Reconhecimento 001-2025 ALMORES FERRAZ DA SILVA<\/div><\/div><div style=\"clear:both;\"><\/div><div class=\"sdm_download_description\"><\/div><div class=\"sdm_download_link\"><span class=\"sdm_download_button\"><a href=\"https:\/\/site.camarapassasete.rs.gov.br\/site\/?sdm_process_download=1&download_id=3519\" class=\"sdm_download green\" title=\"Mo\u00e7\u00e3o de Reconhecimento 001-2025 ALMORES FERRAZ DA SILVA\" target=\"_self\">Baixar agora!<\/a><\/span><span class=\"sdm_download_item_count\"><span class=\"sdm_item_count_number\">53<\/span><span class=\"sdm_item_count_string\"> Downloads<\/span><\/span><\/div><\/div><div class=\"sdm_download_item \"><div class=\"sdm_download_item_top\"><div class=\"sdm_download_thumbnail\"><\/div><div class=\"sdm_download_title\">Mo\u00e7\u00e3o de Aplausos 005-2024 Padre Vanuti Cremonese<\/div><\/div><div style=\"clear:both;\"><\/div><div class=\"sdm_download_description\"><\/div><div class=\"sdm_download_link\"><span class=\"sdm_download_button\"><a href=\"https:\/\/site.camarapassasete.rs.gov.br\/site\/?sdm_process_download=1&download_id=3517\" class=\"sdm_download green\" title=\"Mo\u00e7\u00e3o de Aplausos 005-2024 Padre Vanuti Cremonese\" target=\"_self\">Baixar agora!<\/a><\/span><span class=\"sdm_download_item_count\"><span class=\"sdm_item_count_number\">57<\/span><span class=\"sdm_item_count_string\"> Downloads<\/span><\/span><\/div><\/div><div class=\"sdm_download_item \"><div class=\"sdm_download_item_top\"><div class=\"sdm_download_thumbnail\"><\/div><div class=\"sdm_download_title\">Mo\u00e7\u00e3o de Reconhecimento 004-2024 Eliana Weber<\/div><\/div><div style=\"clear:both;\"><\/div><div class=\"sdm_download_description\"><\/div><div class=\"sdm_download_link\"><span class=\"sdm_download_button\"><a href=\"https:\/\/site.camarapassasete.rs.gov.br\/site\/?sdm_process_download=1&download_id=3515\" class=\"sdm_download green\" title=\"Mo\u00e7\u00e3o de Reconhecimento 004-2024 Eliana Weber\" target=\"_self\">Baixar agora!<\/a><\/span><span class=\"sdm_download_item_count\"><span class=\"sdm_item_count_number\">54<\/span><span class=\"sdm_item_count_string\"> Downloads<\/span><\/span><\/div><\/div><div class=\"sdm_download_item \"><div class=\"sdm_download_item_top\"><div class=\"sdm_download_thumbnail\"><\/div><div class=\"sdm_download_title\">Mo\u00e7\u00e3o de Apoio 003-2024 Anistia<\/div><\/div><div style=\"clear:both;\"><\/div><div class=\"sdm_download_description\"><\/div><div class=\"sdm_download_link\"><span class=\"sdm_download_button\"><a href=\"https:\/\/site.camarapassasete.rs.gov.br\/site\/?sdm_process_download=1&download_id=3513\" class=\"sdm_download green\" title=\"Mo\u00e7\u00e3o de Apoio 003-2024 Anistia\" target=\"_self\">Baixar agora!<\/a><\/span><span class=\"sdm_download_item_count\"><span class=\"sdm_item_count_number\">53<\/span><span class=\"sdm_item_count_string\"> Downloads<\/span><\/span><\/div><\/div><div class=\"sdm_download_item \"><div class=\"sdm_download_item_top\"><div class=\"sdm_download_thumbnail\"><\/div><div class=\"sdm_download_title\">Mo\u00e7\u00e3o de apoio 002-2024 &#8211; reativa\u00e7\u00e3o 5 companhia BM<\/div><\/div><div style=\"clear:both;\"><\/div><div class=\"sdm_download_description\"><\/div><div class=\"sdm_download_link\"><span class=\"sdm_download_button\"><a href=\"https:\/\/site.camarapassasete.rs.gov.br\/site\/?sdm_process_download=1&download_id=3511\" class=\"sdm_download green\" title=\"Mo\u00e7\u00e3o de apoio 002-2024 &#8211; reativa\u00e7\u00e3o 5 companhia BM\" target=\"_self\">Baixar agora!<\/a><\/span><span class=\"sdm_download_item_count\"><span class=\"sdm_item_count_number\">59<\/span><span class=\"sdm_item_count_string\"> Downloads<\/span><\/span><\/div><\/div><div class=\"sdm_download_item \"><div class=\"sdm_download_item_top\"><div class=\"sdm_download_thumbnail\"><\/div><div class=\"sdm_download_title\">Mo\u00e7\u00e3o de Reconhecimento 001-2024 Vereadoras<\/div><\/div><div style=\"clear:both;\"><\/div><div class=\"sdm_download_description\"><\/div><div class=\"sdm_download_link\"><span class=\"sdm_download_button\"><a href=\"https:\/\/site.camarapassasete.rs.gov.br\/site\/?sdm_process_download=1&download_id=3509\" class=\"sdm_download green\" title=\"Mo\u00e7\u00e3o de Reconhecimento 001-2024 Vereadoras\" target=\"_self\">Baixar agora!<\/a><\/span><span class=\"sdm_download_item_count\"><span class=\"sdm_item_count_number\">66<\/span><span class=\"sdm_item_count_string\"> Downloads<\/span><\/span><\/div><\/div><div class=\"sdm_download_item \"><div class=\"sdm_download_item_top\"><div class=\"sdm_download_thumbnail\"><\/div><div class=\"sdm_download_title\">Mo\u00e7\u00e3o de Apoio 003-2023<\/div><\/div><div style=\"clear:both;\"><\/div><div class=\"sdm_download_description\"><\/div><div class=\"sdm_download_link\"><span class=\"sdm_download_button\"><a href=\"https:\/\/site.camarapassasete.rs.gov.br\/site\/?sdm_process_download=1&download_id=3507\" class=\"sdm_download green\" title=\"Mo\u00e7\u00e3o de Apoio 003-2023\" target=\"_self\">Baixar agora!<\/a><\/span><span class=\"sdm_download_item_count\"><span class=\"sdm_item_count_number\">54<\/span><span class=\"sdm_item_count_string\"> Downloads<\/span><\/span><\/div><\/div><div class=\"sdm_download_item \"><div class=\"sdm_download_item_top\"><div class=\"sdm_download_thumbnail\"><\/div><div class=\"sdm_download_title\">Mo\u00e7\u00e3o de Aplausos 002-2023<\/div><\/div><div style=\"clear:both;\"><\/div><div class=\"sdm_download_description\"><\/div><div class=\"sdm_download_link\"><span class=\"sdm_download_button\"><a href=\"https:\/\/site.camarapassasete.rs.gov.br\/site\/?sdm_process_download=1&download_id=3505\" class=\"sdm_download green\" title=\"Mo\u00e7\u00e3o de Aplausos 002-2023\" target=\"_self\">Baixar agora!<\/a><\/span><span class=\"sdm_download_item_count\"><span class=\"sdm_item_count_number\">53<\/span><span class=\"sdm_item_count_string\"> Downloads<\/span><\/span><\/div><\/div><div class=\"sdm_download_item \"><div class=\"sdm_download_item_top\"><div class=\"sdm_download_thumbnail\"><\/div><div class=\"sdm_download_title\">Mo\u00e7\u00e3o de Apoio 001-2023<\/div><\/div><div style=\"clear:both;\"><\/div><div class=\"sdm_download_description\"><\/div><div class=\"sdm_download_link\"><span class=\"sdm_download_button\"><a href=\"https:\/\/site.camarapassasete.rs.gov.br\/site\/?sdm_process_download=1&download_id=3503\" class=\"sdm_download green\" title=\"Mo\u00e7\u00e3o de Apoio 001-2023\" target=\"_self\">Baixar agora!<\/a><\/span><span class=\"sdm_download_item_count\"><span class=\"sdm_item_count_number\">52<\/span><span class=\"sdm_item_count_string\"> Downloads<\/span><\/span><\/div><\/div><div class=\"sdm_download_item \"><div class=\"sdm_download_item_top\"><div class=\"sdm_download_thumbnail\"><\/div><div class=\"sdm_download_title\">Mo\u00e7\u00e3o de Reconhecimento 004-2022 PIQUETE PORTEIRA DA SERRA<\/div><\/div><div style=\"clear:both;\"><\/div><div class=\"sdm_download_description\"><\/div><div class=\"sdm_download_link\"><span class=\"sdm_download_button\"><a href=\"https:\/\/site.camarapassasete.rs.gov.br\/site\/?sdm_process_download=1&download_id=3501\" class=\"sdm_download green\" title=\"Mo\u00e7\u00e3o de Reconhecimento 004-2022 PIQUETE PORTEIRA DA SERRA\" target=\"_self\">Baixar agora!<\/a><\/span><span class=\"sdm_download_item_count\"><span class=\"sdm_item_count_number\">55<\/span><span class=\"sdm_item_count_string\"> Downloads<\/span><\/span><\/div><\/div><div class=\"sdm_download_item \"><div class=\"sdm_download_item_top\"><div class=\"sdm_download_thumbnail\"><\/div><div class=\"sdm_download_title\">Mo\u00e7\u00e3o de Solidariedade 003-2022<\/div><\/div><div style=\"clear:both;\"><\/div><div class=\"sdm_download_description\"><\/div><div class=\"sdm_download_link\"><span class=\"sdm_download_button\"><a href=\"https:\/\/site.camarapassasete.rs.gov.br\/site\/?sdm_process_download=1&download_id=3499\" class=\"sdm_download green\" title=\"Mo\u00e7\u00e3o de Solidariedade 003-2022\" target=\"_self\">Baixar agora!<\/a><\/span><span class=\"sdm_download_item_count\"><span class=\"sdm_item_count_number\">56<\/span><span class=\"sdm_item_count_string\"> Downloads<\/span><\/span><\/div><\/div><div class=\"sdm_download_item \"><div class=\"sdm_download_item_top\"><div class=\"sdm_download_thumbnail\"><\/div><div class=\"sdm_download_title\">Mo\u00e7\u00e3o de Reconhecimento 002-2022 SERGIO MOREIRA LEITE<\/div><\/div><div style=\"clear:both;\"><\/div><div class=\"sdm_download_description\"><\/div><div class=\"sdm_download_link\"><span class=\"sdm_download_button\"><a href=\"https:\/\/site.camarapassasete.rs.gov.br\/site\/?sdm_process_download=1&download_id=3497\" class=\"sdm_download green\" title=\"Mo\u00e7\u00e3o de Reconhecimento 002-2022 SERGIO MOREIRA LEITE\" target=\"_self\">Baixar agora!<\/a><\/span><span class=\"sdm_download_item_count\"><span class=\"sdm_item_count_number\">57<\/span><span class=\"sdm_item_count_string\"> Downloads<\/span><\/span><\/div><\/div><div class=\"sdm_download_item \"><div class=\"sdm_download_item_top\"><div class=\"sdm_download_thumbnail\"><\/div><div class=\"sdm_download_title\">Mo\u00e7\u00e3o de Reconhecimento 001-2022 ROMILDA TRINDADE<\/div><\/div><div style=\"clear:both;\"><\/div><div class=\"sdm_download_description\"><\/div><div class=\"sdm_download_link\"><span class=\"sdm_download_button\"><a href=\"https:\/\/site.camarapassasete.rs.gov.br\/site\/?sdm_process_download=1&download_id=3495\" class=\"sdm_download green\" title=\"Mo\u00e7\u00e3o de Reconhecimento 001-2022 ROMILDA TRINDADE\" target=\"_self\">Baixar agora!<\/a><\/span><span class=\"sdm_download_item_count\"><span class=\"sdm_item_count_number\">55<\/span><span class=\"sdm_item_count_string\"> Downloads<\/span><\/span><\/div><\/div><div class=\"sdm_download_item \"><div class=\"sdm_download_item_top\"><div class=\"sdm_download_thumbnail\"><\/div><div class=\"sdm_download_title\">Mo\u00e7\u00e3o de APOIO 002-2021<\/div><\/div><div style=\"clear:both;\"><\/div><div class=\"sdm_download_description\"><\/div><div class=\"sdm_download_link\"><span class=\"sdm_download_button\"><a href=\"https:\/\/site.camarapassasete.rs.gov.br\/site\/?sdm_process_download=1&download_id=3493\" class=\"sdm_download green\" title=\"Mo\u00e7\u00e3o de APOIO 002-2021\" target=\"_self\">Baixar agora!<\/a><\/span><span class=\"sdm_download_item_count\"><span class=\"sdm_item_count_number\">52<\/span><span class=\"sdm_item_count_string\"> Downloads<\/span><\/span><\/div><\/div><div class=\"sdm_download_item \"><div class=\"sdm_download_item_top\"><div class=\"sdm_download_thumbnail\"><\/div><div class=\"sdm_download_title\">Mo\u00e7\u00e3o de APOIO 001-2021 Gean Mateus Quoos<\/div><\/div><div style=\"clear:both;\"><\/div><div class=\"sdm_download_description\"><\/div><div class=\"sdm_download_link\"><span class=\"sdm_download_button\"><a href=\"https:\/\/site.camarapassasete.rs.gov.br\/site\/?sdm_process_download=1&download_id=3491\" class=\"sdm_download green\" title=\"Mo\u00e7\u00e3o de APOIO 001-2021 Gean Mateus Quoos\" target=\"_self\">Baixar agora!<\/a><\/span><span class=\"sdm_download_item_count\"><span class=\"sdm_item_count_number\">52<\/span><span class=\"sdm_item_count_string\"> Downloads<\/span><\/span><\/div><\/div><div class=\"sdm_download_item \"><div class=\"sdm_download_item_top\"><div class=\"sdm_download_thumbnail\"><\/div><div class=\"sdm_download_title\">Mo\u00e7\u00e3o de Reconhecimento 002-2020 Bombeiros Volunt\u00e1rios<\/div><\/div><div style=\"clear:both;\"><\/div><div class=\"sdm_download_description\"><\/div><div class=\"sdm_download_link\"><span class=\"sdm_download_button\"><a href=\"https:\/\/site.camarapassasete.rs.gov.br\/site\/?sdm_process_download=1&download_id=3489\" class=\"sdm_download green\" title=\"Mo\u00e7\u00e3o de Reconhecimento 002-2020 Bombeiros Volunt\u00e1rios\" target=\"_self\">Baixar agora!<\/a><\/span><span class=\"sdm_download_item_count\"><span class=\"sdm_item_count_number\">57<\/span><span class=\"sdm_item_count_string\"> Downloads<\/span><\/span><\/div><\/div><div class=\"sdm_download_item \"><div class=\"sdm_download_item_top\"><div class=\"sdm_download_thumbnail\"><\/div><div class=\"sdm_download_title\">Mo\u00e7\u00e3o de Reconhecimento 001-2020 Transportadores de \u00c1gua<\/div><\/div><div style=\"clear:both;\"><\/div><div class=\"sdm_download_description\"><\/div><div class=\"sdm_download_link\"><span class=\"sdm_download_button\"><a href=\"https:\/\/site.camarapassasete.rs.gov.br\/site\/?sdm_process_download=1&download_id=3487\" class=\"sdm_download green\" title=\"Mo\u00e7\u00e3o de Reconhecimento 001-2020 Transportadores de \u00c1gua\" target=\"_self\">Baixar agora!<\/a><\/span><span class=\"sdm_download_item_count\"><span class=\"sdm_item_count_number\">57<\/span><span class=\"sdm_item_count_string\"> Downloads<\/span><\/span><\/div><\/div><div class=\"sdm_clear_float\"><\/div><div class=\"sdm_pagination\"><span aria-current=\"page\" class=\"page-numbers current\">1<\/span>\n<a class=\"page-numbers\" href=\"https:\/\/site.camarapassasete.rs.gov.br\/site\/wp-json\/wp\/v2\/pages\/3467\/page\/2\/\">2<\/a>\n<a class=\"next page-numbers\" href=\"https:\/\/site.camarapassasete.rs.gov.br\/site\/wp-json\/wp\/v2\/pages\/3467\/page\/2\/\">&raquo;<\/a><\/div><\/div>\n\t\t\t\t<\/div>\n\t\t\t\t<\/div>\n\t\t\t\t\t<\/div>\n\t\t\t\t<\/div>\n\t\t\t\t<\/div>\n\t\t","protected":false},"excerpt":{"rendered":"","protected":false},"author":2,"featured_media":0,"parent":0,"menu_order":0,"comment_status":"closed","ping_status":"closed","template":"","meta":{"site-sidebar-layout":"no-sidebar","site-content-layout":"","ast-site-content-layout":"full-width-container","site-content-style":"default","site-sidebar-style":"default","ast-global-header-display":"","ast-banner-title-visibility":"","ast-main-header-display":"","ast-hfb-above-header-display":"","ast-hfb-below-header-display":"","ast-hfb-mobile-header-display":"","site-post-title":"disabled","ast-breadcrumbs-content":"","ast-featured-img":"disabled","footer-sml-layout":"","theme-transparent-header-meta":"","adv-header-id-meta":"","stick-header-meta":"","header-above-stick-meta":"","header-main-stick-meta":"","header-below-stick-meta":"","astra-migrate-meta-layouts":"default","ast-page-background-enabled":"default","ast-page-background-meta":{"desktop":{"background-color":"var(--ast-global-color-4)","background-image":"","background-repeat":"repeat","background-position":"center center","background-size":"auto","background-attachment":"scroll","background-type":"","background-media":"","overlay-type":"","overlay-color":"","overlay-opacity":"","overlay-gradient":""},"tablet":{"background-color":"","background-image":"","background-repeat":"repeat","background-position":"center center","background-size":"auto","background-attachment":"scroll","background-type":"","background-media":"","overlay-type":"","overlay-color":"","overlay-opacity":"","overlay-gradient":""},"mobile":{"background-color":"","background-image":"","background-repeat":"repeat","background-position":"center center","background-size":"auto","background-attachment":"scroll","background-type":"","background-media":"","overlay-type":"","overlay-color":"","overlay-opacity":"","overlay-gradient":""}},"ast-content-background-meta":{"desktop":{"background-color":"var(--ast-global-color-5)","background-image":"","background-repeat":"repeat","background-position":"center center","background-size":"auto","background-attachment":"scroll","background-type":"","background-media":"","overlay-type":"","overlay-color":"","overlay-opacity":"","overlay-gradient":""},"tablet":{"background-color":"var(--ast-global-color-5)","background-image":"","background-repeat":"repeat","background-position":"center center","background-size":"auto","background-attachment":"scroll","background-type":"","background-media":"","overlay-type":"","overlay-color":"","overlay-opacity":"","overlay-gradient":""},"mobile":{"background-color":"var(--ast-global-color-5)","background-image":"","background-repeat":"repeat","background-position":"center center","background-size":"auto","background-attachment":"scroll","background-type":"","background-media":"","overlay-type":"","overlay-color":"","overlay-opacity":"","overlay-gradient":""}},"footnotes":""},"class_list":["post-3467","page","type-page","status-publish","hentry"],"_links":{"self":[{"href":"https:\/\/site.camarapassasete.rs.gov.br\/site\/wp-json\/wp\/v2\/pages\/3467","targetHints":{"allow":["GET"]}}],"collection":[{"href":"https:\/\/site.camarapassasete.rs.gov.br\/site\/wp-json\/wp\/v2\/pages"}],"about":[{"href":"https:\/\/site.camarapassasete.rs.gov.br\/site\/wp-json\/wp\/v2\/types\/page"}],"author":[{"embeddable":true,"href":"https:\/\/site.camarapassasete.rs.gov.br\/site\/wp-json\/wp\/v2\/users\/2"}],"replies":[{"embeddable":true,"href":"https:\/\/site.camarapassasete.rs.gov.br\/site\/wp-json\/wp\/v2\/comments?post=3467"}],"version-history":[{"count":4,"href":"https:\/\/site.camarapassasete.rs.gov.br\/site\/wp-json\/wp\/v2\/pages\/3467\/revisions"}],"predecessor-version":[{"id":3471,"href":"https:\/\/site.camarapassasete.rs.gov.br\/site\/wp-json\/wp\/v2\/pages\/3467\/revisions\/3471"}],"wp:attachment":[{"href":"https:\/\/site.camarapassasete.rs.gov.br\/site\/wp-json\/wp\/v2\/media?parent=3467"}],"curies":[{"name":"wp","href":"https:\/\/api.w.org\/{rel}","templated":true}]}}