{"id":4968,"date":"2025-05-08T15:43:30","date_gmt":"2025-05-08T18:43:30","guid":{"rendered":"https:\/\/site.camarapassasete.rs.gov.br\/site\/?page_id=4968"},"modified":"2025-05-08T15:44:13","modified_gmt":"2025-05-08T18:44:13","slug":"projetos-devolvidos-para-complementacao-executivo","status":"publish","type":"page","link":"https:\/\/site.camarapassasete.rs.gov.br\/site\/projetos-devolvidos-para-complementacao-executivo\/","title":{"rendered":"\u00a0Projetos Devolvidos para Complementa\u00e7\u00e3o Executivo"},"content":{"rendered":"\t\t<div data-elementor-type=\"wp-page\" data-elementor-id=\"4968\" class=\"elementor elementor-4968\" data-elementor-post-type=\"page\">\n\t\t\t\t<div class=\"elementor-element elementor-element-6691961 e-flex e-con-boxed e-con e-parent\" data-id=\"6691961\" data-element_type=\"container\">\n\t\t\t\t\t<div class=\"e-con-inner\">\n\t\t\t\t<div class=\"elementor-element elementor-element-c6e8a24 elementor-widget elementor-widget-shortcode\" data-id=\"c6e8a24\" data-element_type=\"widget\" data-widget_type=\"shortcode.default\">\n\t\t\t\t<div class=\"elementor-widget-container\">\n\t\t\t\t\t<div class=\"elementor-shortcode\"><div class=\"sdm_download_item \"><div class=\"sdm_download_item_top\"><div class=\"sdm_download_thumbnail\"><\/div><div class=\"sdm_download_title\">PL 038.2018 &#8211; Altera\u00e7\u00e3o CTM.pdf<\/div><\/div><div style=\"clear:both;\"><\/div><div class=\"sdm_download_description\"><\/div><div class=\"sdm_download_link\"><span class=\"sdm_download_button\"><a href=\"https:\/\/site.camarapassasete.rs.gov.br\/site\/?sdm_process_download=1&download_id=6850\" class=\"sdm_download green\" title=\"PL 038.2018 &#8211; Altera\u00e7\u00e3o CTM.pdf\" target=\"_self\">Baixar agora!<\/a><\/span><span class=\"sdm_download_item_count\"><span class=\"sdm_item_count_number\">54<\/span><span class=\"sdm_item_count_string\"> Downloads<\/span><\/span><\/div><\/div><div class=\"sdm_download_item \"><div class=\"sdm_download_item_top\"><div class=\"sdm_download_thumbnail\"><\/div><div class=\"sdm_download_title\">PL 038.2019 &#8211; Altera\u00e7\u00f5es RPPS<\/div><\/div><div style=\"clear:both;\"><\/div><div class=\"sdm_download_description\"><\/div><div class=\"sdm_download_link\"><span class=\"sdm_download_button\"><a href=\"https:\/\/site.camarapassasete.rs.gov.br\/site\/?sdm_process_download=1&download_id=6848\" class=\"sdm_download green\" title=\"PL 038.2019 &#8211; Altera\u00e7\u00f5es RPPS\" target=\"_self\">Baixar agora!<\/a><\/span><span class=\"sdm_download_item_count\"><span class=\"sdm_item_count_number\">47<\/span><span class=\"sdm_item_count_string\"> Downloads<\/span><\/span><\/div><\/div><div class=\"sdm_download_item \"><div class=\"sdm_download_item_top\"><div class=\"sdm_download_thumbnail\"><\/div><div class=\"sdm_download_title\">PL 028.2017 &#8211; Contrata\u00e7\u00e3o Professor Anos Iniciais.pdf<\/div><\/div><div style=\"clear:both;\"><\/div><div class=\"sdm_download_description\"><\/div><div class=\"sdm_download_link\"><span class=\"sdm_download_button\"><a href=\"https:\/\/site.camarapassasete.rs.gov.br\/site\/?sdm_process_download=1&download_id=6846\" class=\"sdm_download green\" title=\"PL 028.2017 &#8211; Contrata\u00e7\u00e3o Professor Anos Iniciais.pdf\" target=\"_self\">Baixar agora!<\/a><\/span><span class=\"sdm_download_item_count\"><span class=\"sdm_item_count_number\">55<\/span><span class=\"sdm_item_count_string\"> Downloads<\/span><\/span><\/div><\/div><div class=\"sdm_download_item \"><div class=\"sdm_download_item_top\"><div class=\"sdm_download_thumbnail\"><\/div><div class=\"sdm_download_title\">PL 017.2024 &#8211; Altera\u00e7\u00e3o Per\u00edmetro Urbano<\/div><\/div><div style=\"clear:both;\"><\/div><div class=\"sdm_download_description\"><\/div><div class=\"sdm_download_link\"><span class=\"sdm_download_button\"><a href=\"https:\/\/site.camarapassasete.rs.gov.br\/site\/?sdm_process_download=1&download_id=6844\" class=\"sdm_download green\" title=\"PL 017.2024 &#8211; Altera\u00e7\u00e3o Per\u00edmetro Urbano\" target=\"_self\">Baixar agora!<\/a><\/span><span class=\"sdm_download_item_count\"><span class=\"sdm_item_count_number\">46<\/span><span class=\"sdm_item_count_string\"> Downloads<\/span><\/span><\/div><\/div><div class=\"sdm_clear_float\"><\/div><div class=\"sdm_pagination\"><\/div><\/div>\n\t\t\t\t<\/div>\n\t\t\t\t<\/div>\n\t\t\t\t\t<\/div>\n\t\t\t\t<\/div>\n\t\t\t\t<\/div>\n\t\t","protected":false},"excerpt":{"rendered":"","protected":false},"author":2,"featured_media":0,"parent":0,"menu_order":0,"comment_status":"closed","ping_status":"closed","template":"","meta":{"site-sidebar-layout":"no-sidebar","site-content-layout":"","ast-site-content-layout":"full-width-container","site-content-style":"default","site-sidebar-style":"default","ast-global-header-display":"","ast-banner-title-visibility":"","ast-main-header-display":"","ast-hfb-above-header-display":"","ast-hfb-below-header-display":"","ast-hfb-mobile-header-display":"","site-post-title":"disabled","ast-breadcrumbs-content":"","ast-featured-img":"disabled","footer-sml-layout":"","theme-transparent-header-meta":"","adv-header-id-meta":"","stick-header-meta":"","header-above-stick-meta":"","header-main-stick-meta":"","header-below-stick-meta":"","astra-migrate-meta-layouts":"default","ast-page-background-enabled":"default","ast-page-background-meta":{"desktop":{"background-color":"var(--ast-global-color-4)","background-image":"","background-repeat":"repeat","background-position":"center center","background-size":"auto","background-attachment":"scroll","background-type":"","background-media":"","overlay-type":"","overlay-color":"","overlay-opacity":"","overlay-gradient":""},"tablet":{"background-color":"","background-image":"","background-repeat":"repeat","background-position":"center center","background-size":"auto","background-attachment":"scroll","background-type":"","background-media":"","overlay-type":"","overlay-color":"","overlay-opacity":"","overlay-gradient":""},"mobile":{"background-color":"","background-image":"","background-repeat":"repeat","background-position":"center center","background-size":"auto","background-attachment":"scroll","background-type":"","background-media":"","overlay-type":"","overlay-color":"","overlay-opacity":"","overlay-gradient":""}},"ast-content-background-meta":{"desktop":{"background-color":"var(--ast-global-color-5)","background-image":"","background-repeat":"repeat","background-position":"center center","background-size":"auto","background-attachment":"scroll","background-type":"","background-media":"","overlay-type":"","overlay-color":"","overlay-opacity":"","overlay-gradient":""},"tablet":{"background-color":"var(--ast-global-color-5)","background-image":"","background-repeat":"repeat","background-position":"center center","background-size":"auto","background-attachment":"scroll","background-type":"","background-media":"","overlay-type":"","overlay-color":"","overlay-opacity":"","overlay-gradient":""},"mobile":{"background-color":"var(--ast-global-color-5)","background-image":"","background-repeat":"repeat","background-position":"center center","background-size":"auto","background-attachment":"scroll","background-type":"","background-media":"","overlay-type":"","overlay-color":"","overlay-opacity":"","overlay-gradient":""}},"footnotes":""},"class_list":["post-4968","page","type-page","status-publish","hentry"],"_links":{"self":[{"href":"https:\/\/site.camarapassasete.rs.gov.br\/site\/wp-json\/wp\/v2\/pages\/4968","targetHints":{"allow":["GET"]}}],"collection":[{"href":"https:\/\/site.camarapassasete.rs.gov.br\/site\/wp-json\/wp\/v2\/pages"}],"about":[{"href":"https:\/\/site.camarapassasete.rs.gov.br\/site\/wp-json\/wp\/v2\/types\/page"}],"author":[{"embeddable":true,"href":"https:\/\/site.camarapassasete.rs.gov.br\/site\/wp-json\/wp\/v2\/users\/2"}],"replies":[{"embeddable":true,"href":"https:\/\/site.camarapassasete.rs.gov.br\/site\/wp-json\/wp\/v2\/comments?post=4968"}],"version-history":[{"count":4,"href":"https:\/\/site.camarapassasete.rs.gov.br\/site\/wp-json\/wp\/v2\/pages\/4968\/revisions"}],"predecessor-version":[{"id":4972,"href":"https:\/\/site.camarapassasete.rs.gov.br\/site\/wp-json\/wp\/v2\/pages\/4968\/revisions\/4972"}],"wp:attachment":[{"href":"https:\/\/site.camarapassasete.rs.gov.br\/site\/wp-json\/wp\/v2\/media?parent=4968"}],"curies":[{"name":"wp","href":"https:\/\/api.w.org\/{rel}","templated":true}]}}