{"id":6408,"date":"2025-05-26T12:25:14","date_gmt":"2025-05-26T15:25:14","guid":{"rendered":"https:\/\/site.camarapassasete.rs.gov.br\/site\/?page_id=6408"},"modified":"2025-05-26T12:25:43","modified_gmt":"2025-05-26T15:25:43","slug":"projetos-aprovados-executivo-2023","status":"publish","type":"page","link":"https:\/\/site.camarapassasete.rs.gov.br\/site\/projetos-aprovados-executivo-2023\/","title":{"rendered":"\u00a0Projetos Aprovados Executivo 2023"},"content":{"rendered":"\t\t<div data-elementor-type=\"wp-page\" data-elementor-id=\"6408\" class=\"elementor elementor-6408\" data-elementor-post-type=\"page\">\n\t\t\t\t<div class=\"elementor-element elementor-element-0a9072b e-flex e-con-boxed e-con e-parent\" data-id=\"0a9072b\" data-element_type=\"container\">\n\t\t\t\t\t<div class=\"e-con-inner\">\n\t\t\t\t<div class=\"elementor-element elementor-element-083f78e elementor-widget elementor-widget-shortcode\" data-id=\"083f78e\" data-element_type=\"widget\" data-widget_type=\"shortcode.default\">\n\t\t\t\t<div class=\"elementor-widget-container\">\n\t\t\t\t\t<div class=\"elementor-shortcode\"><div class=\"sdm_download_item \"><div class=\"sdm_download_item_top\"><div class=\"sdm_download_thumbnail\"><\/div><div class=\"sdm_download_title\">PL 011.2024 &#8211; Contrata\u00e7\u00e3o Servente Educa\u00e7\u00e3o<\/div><\/div><div style=\"clear:both;\"><\/div><div class=\"sdm_download_description\"><\/div><div class=\"sdm_download_link\"><span class=\"sdm_download_button\"><a href=\"https:\/\/site.camarapassasete.rs.gov.br\/site\/?sdm_process_download=1&download_id=6685\" class=\"sdm_download green\" title=\"PL 011.2024 &#8211; Contrata\u00e7\u00e3o Servente Educa\u00e7\u00e3o\" target=\"_self\">Baixar agora!<\/a><\/span><span class=\"sdm_download_item_count\"><span class=\"sdm_item_count_number\">56<\/span><span class=\"sdm_item_count_string\"> Downloads<\/span><\/span><\/div><\/div><div class=\"sdm_download_item \"><div class=\"sdm_download_item_top\"><div class=\"sdm_download_thumbnail\"><\/div><div class=\"sdm_download_title\">PL 071.2023 &#8211; Cr\u00e9dito Suplementar &#8211; Obras Pavilh\u00e3o Travessa<\/div><\/div><div style=\"clear:both;\"><\/div><div class=\"sdm_download_description\"><\/div><div class=\"sdm_download_link\"><span class=\"sdm_download_button\"><a href=\"https:\/\/site.camarapassasete.rs.gov.br\/site\/?sdm_process_download=1&download_id=6663\" class=\"sdm_download green\" title=\"PL 071.2023 &#8211; Cr\u00e9dito Suplementar &#8211; Obras Pavilh\u00e3o Travessa\" target=\"_self\">Baixar agora!<\/a><\/span><span class=\"sdm_download_item_count\"><span class=\"sdm_item_count_number\">66<\/span><span class=\"sdm_item_count_string\"> Downloads<\/span><\/span><\/div><\/div><div class=\"sdm_download_item \"><div class=\"sdm_download_item_top\"><div class=\"sdm_download_thumbnail\"><\/div><div class=\"sdm_download_title\">PL 070.2023 &#8211; Altera\u00e7\u00e3o LM 1477.2017<\/div><\/div><div style=\"clear:both;\"><\/div><div class=\"sdm_download_description\"><\/div><div class=\"sdm_download_link\"><span class=\"sdm_download_button\"><a href=\"https:\/\/site.camarapassasete.rs.gov.br\/site\/?sdm_process_download=1&download_id=6661\" class=\"sdm_download green\" title=\"PL 070.2023 &#8211; Altera\u00e7\u00e3o LM 1477.2017\" target=\"_self\">Baixar agora!<\/a><\/span><span class=\"sdm_download_item_count\"><span class=\"sdm_item_count_number\">55<\/span><span class=\"sdm_item_count_string\"> Downloads<\/span><\/span><\/div><\/div><div class=\"sdm_download_item \"><div class=\"sdm_download_item_top\"><div class=\"sdm_download_thumbnail\"><\/div><div class=\"sdm_download_title\">PL 069.2023 &#8211; Cr\u00e9dito Especial &#8211; Elemento Despesa &#8211; Turismo<\/div><\/div><div style=\"clear:both;\"><\/div><div class=\"sdm_download_description\"><\/div><div class=\"sdm_download_link\"><span class=\"sdm_download_button\"><a href=\"https:\/\/site.camarapassasete.rs.gov.br\/site\/?sdm_process_download=1&download_id=6659\" class=\"sdm_download green\" title=\"PL 069.2023 &#8211; Cr\u00e9dito Especial &#8211; Elemento Despesa &#8211; Turismo\" target=\"_self\">Baixar agora!<\/a><\/span><span class=\"sdm_download_item_count\"><span class=\"sdm_item_count_number\">56<\/span><span class=\"sdm_item_count_string\"> Downloads<\/span><\/span><\/div><\/div><div class=\"sdm_download_item \"><div class=\"sdm_download_item_top\"><div class=\"sdm_download_thumbnail\"><\/div><div class=\"sdm_download_title\">PL 068.2023 &#8211; Nota Fiscal Servi\u00e7o Eletr\u00f4nica<\/div><\/div><div style=\"clear:both;\"><\/div><div class=\"sdm_download_description\"><\/div><div class=\"sdm_download_link\"><span class=\"sdm_download_button\"><a href=\"https:\/\/site.camarapassasete.rs.gov.br\/site\/?sdm_process_download=1&download_id=6657\" class=\"sdm_download green\" title=\"PL 068.2023 &#8211; Nota Fiscal Servi\u00e7o Eletr\u00f4nica\" target=\"_self\">Baixar agora!<\/a><\/span><span class=\"sdm_download_item_count\"><span class=\"sdm_item_count_number\">79<\/span><span class=\"sdm_item_count_string\"> Downloads<\/span><\/span><\/div><\/div><div class=\"sdm_download_item \"><div class=\"sdm_download_item_top\"><div class=\"sdm_download_thumbnail\"><\/div><div class=\"sdm_download_title\">PL 066.2023 &#8211; Contrata\u00e7\u00e3o Motorista Obras<\/div><\/div><div style=\"clear:both;\"><\/div><div class=\"sdm_download_description\"><\/div><div class=\"sdm_download_link\"><span class=\"sdm_download_button\"><a href=\"https:\/\/site.camarapassasete.rs.gov.br\/site\/?sdm_process_download=1&download_id=6655\" class=\"sdm_download green\" title=\"PL 066.2023 &#8211; Contrata\u00e7\u00e3o Motorista Obras\" target=\"_self\">Baixar agora!<\/a><\/span><span class=\"sdm_download_item_count\"><span class=\"sdm_item_count_number\">55<\/span><span class=\"sdm_item_count_string\"> Downloads<\/span><\/span><\/div><\/div><div class=\"sdm_download_item \"><div class=\"sdm_download_item_top\"><div class=\"sdm_download_thumbnail\"><\/div><div class=\"sdm_download_title\">PL 065.2023 &#8211; Contrata\u00e7\u00e3o Agente Sa\u00fade<\/div><\/div><div style=\"clear:both;\"><\/div><div class=\"sdm_download_description\"><\/div><div class=\"sdm_download_link\"><span class=\"sdm_download_button\"><a href=\"https:\/\/site.camarapassasete.rs.gov.br\/site\/?sdm_process_download=1&download_id=6653\" class=\"sdm_download green\" title=\"PL 065.2023 &#8211; Contrata\u00e7\u00e3o Agente Sa\u00fade\" target=\"_self\">Baixar agora!<\/a><\/span><span class=\"sdm_download_item_count\"><span class=\"sdm_item_count_number\">60<\/span><span class=\"sdm_item_count_string\"> Downloads<\/span><\/span><\/div><\/div><div class=\"sdm_download_item \"><div class=\"sdm_download_item_top\"><div class=\"sdm_download_thumbnail\"><\/div><div class=\"sdm_download_title\">PL 064.2023 &#8211; Incentivo Empresa KME &#8211; Concess\u00e3o de Uso<\/div><\/div><div style=\"clear:both;\"><\/div><div class=\"sdm_download_description\"><\/div><div class=\"sdm_download_link\"><span class=\"sdm_download_button\"><a href=\"https:\/\/site.camarapassasete.rs.gov.br\/site\/?sdm_process_download=1&download_id=6651\" class=\"sdm_download green\" title=\"PL 064.2023 &#8211; Incentivo Empresa KME &#8211; Concess\u00e3o de Uso\" target=\"_self\">Baixar agora!<\/a><\/span><span class=\"sdm_download_item_count\"><span class=\"sdm_item_count_number\">50<\/span><span class=\"sdm_item_count_string\"> Downloads<\/span><\/span><\/div><\/div><div class=\"sdm_download_item \"><div class=\"sdm_download_item_top\"><div class=\"sdm_download_thumbnail\"><\/div><div class=\"sdm_download_title\">PL 063.2023 &#8211; LOA 2024<\/div><\/div><div style=\"clear:both;\"><\/div><div class=\"sdm_download_description\"><\/div><div class=\"sdm_download_link\"><span class=\"sdm_download_button\"><a href=\"https:\/\/site.camarapassasete.rs.gov.br\/site\/?sdm_process_download=1&download_id=6649\" class=\"sdm_download green\" title=\"PL 063.2023 &#8211; LOA 2024\" target=\"_self\">Baixar agora!<\/a><\/span><span class=\"sdm_download_item_count\"><span class=\"sdm_item_count_number\">52<\/span><span class=\"sdm_item_count_string\"> Downloads<\/span><\/span><\/div><\/div><div class=\"sdm_download_item \"><div class=\"sdm_download_item_top\"><div class=\"sdm_download_thumbnail\"><\/div><div class=\"sdm_download_title\">PL 062.2023 &#8211; Cr\u00e9dito Suplementar &#8211; Diversos<\/div><\/div><div style=\"clear:both;\"><\/div><div class=\"sdm_download_description\"><\/div><div class=\"sdm_download_link\"><span class=\"sdm_download_button\"><a href=\"https:\/\/site.camarapassasete.rs.gov.br\/site\/?sdm_process_download=1&download_id=6647\" class=\"sdm_download green\" title=\"PL 062.2023 &#8211; Cr\u00e9dito Suplementar &#8211; Diversos\" target=\"_self\">Baixar agora!<\/a><\/span><span class=\"sdm_download_item_count\"><span class=\"sdm_item_count_number\">55<\/span><span class=\"sdm_item_count_string\"> Downloads<\/span><\/span><\/div><\/div><div class=\"sdm_download_item \"><div class=\"sdm_download_item_top\"><div class=\"sdm_download_thumbnail\"><\/div><div class=\"sdm_download_title\">PL 060.2023 &#8211; Completivo Piso Enfermagem<\/div><\/div><div style=\"clear:both;\"><\/div><div class=\"sdm_download_description\"><\/div><div class=\"sdm_download_link\"><span class=\"sdm_download_button\"><a href=\"https:\/\/site.camarapassasete.rs.gov.br\/site\/?sdm_process_download=1&download_id=6645\" class=\"sdm_download green\" title=\"PL 060.2023 &#8211; Completivo Piso Enfermagem\" target=\"_self\">Baixar agora!<\/a><\/span><span class=\"sdm_download_item_count\"><span class=\"sdm_item_count_number\">56<\/span><span class=\"sdm_item_count_string\"> Downloads<\/span><\/span><\/div><\/div><div class=\"sdm_download_item \"><div class=\"sdm_download_item_top\"><div class=\"sdm_download_thumbnail\"><\/div><div class=\"sdm_download_title\">PL 059.2023 &#8211; Incentivo Empresa &#8211; JCL<\/div><\/div><div style=\"clear:both;\"><\/div><div class=\"sdm_download_description\"><\/div><div class=\"sdm_download_link\"><span class=\"sdm_download_button\"><a href=\"https:\/\/site.camarapassasete.rs.gov.br\/site\/?sdm_process_download=1&download_id=6643\" class=\"sdm_download green\" title=\"PL 059.2023 &#8211; Incentivo Empresa &#8211; JCL\" target=\"_self\">Baixar agora!<\/a><\/span><span class=\"sdm_download_item_count\"><span class=\"sdm_item_count_number\">55<\/span><span class=\"sdm_item_count_string\"> Downloads<\/span><\/span><\/div><\/div><div class=\"sdm_download_item \"><div class=\"sdm_download_item_top\"><div class=\"sdm_download_thumbnail\"><\/div><div class=\"sdm_download_title\">PL 058.2023 &#8211; Ced\u00eancia Sala Incubadora &#8211; Mateus Henkes Vitorino<\/div><\/div><div style=\"clear:both;\"><\/div><div class=\"sdm_download_description\"><\/div><div class=\"sdm_download_link\"><span class=\"sdm_download_button\"><a href=\"https:\/\/site.camarapassasete.rs.gov.br\/site\/?sdm_process_download=1&download_id=6641\" class=\"sdm_download green\" title=\"PL 058.2023 &#8211; Ced\u00eancia Sala Incubadora &#8211; Mateus Henkes Vitorino\" target=\"_self\">Baixar agora!<\/a><\/span><span class=\"sdm_download_item_count\"><span class=\"sdm_item_count_number\">54<\/span><span class=\"sdm_item_count_string\"> Downloads<\/span><\/span><\/div><\/div><div class=\"sdm_download_item \"><div class=\"sdm_download_item_top\"><div class=\"sdm_download_thumbnail\"><\/div><div class=\"sdm_download_title\">PL 057.2023 &#8211; Ced\u00eancia Sala Incubadora &#8211; Hildemar Rosa<\/div><\/div><div style=\"clear:both;\"><\/div><div class=\"sdm_download_description\"><\/div><div class=\"sdm_download_link\"><span class=\"sdm_download_button\"><a href=\"https:\/\/site.camarapassasete.rs.gov.br\/site\/?sdm_process_download=1&download_id=6639\" class=\"sdm_download green\" title=\"PL 057.2023 &#8211; Ced\u00eancia Sala Incubadora &#8211; Hildemar Rosa\" target=\"_self\">Baixar agora!<\/a><\/span><span class=\"sdm_download_item_count\"><span class=\"sdm_item_count_number\">51<\/span><span class=\"sdm_item_count_string\"> Downloads<\/span><\/span><\/div><\/div><div class=\"sdm_download_item \"><div class=\"sdm_download_item_top\"><div class=\"sdm_download_thumbnail\"><\/div><div class=\"sdm_download_title\">PL 056.2023 &#8211; Altera\u00e7\u00e3o Al\u00edquota RPPS<\/div><\/div><div style=\"clear:both;\"><\/div><div class=\"sdm_download_description\"><\/div><div class=\"sdm_download_link\"><span class=\"sdm_download_button\"><a href=\"https:\/\/site.camarapassasete.rs.gov.br\/site\/?sdm_process_download=1&download_id=6637\" class=\"sdm_download green\" title=\"PL 056.2023 &#8211; Altera\u00e7\u00e3o Al\u00edquota RPPS\" target=\"_self\">Baixar agora!<\/a><\/span><span class=\"sdm_download_item_count\"><span class=\"sdm_item_count_number\">53<\/span><span class=\"sdm_item_count_string\"> Downloads<\/span><\/span><\/div><\/div><div class=\"sdm_download_item \"><div class=\"sdm_download_item_top\"><div class=\"sdm_download_thumbnail\"><\/div><div class=\"sdm_download_title\">PL 055.2023 &#8211; Cr\u00e9dito Especial &#8211; Meta LDO e LOA<\/div><\/div><div style=\"clear:both;\"><\/div><div class=\"sdm_download_description\"><\/div><div class=\"sdm_download_link\"><span class=\"sdm_download_button\"><a href=\"https:\/\/site.camarapassasete.rs.gov.br\/site\/?sdm_process_download=1&download_id=6635\" class=\"sdm_download green\" title=\"PL 055.2023 &#8211; Cr\u00e9dito Especial &#8211; Meta LDO e LOA\" target=\"_self\">Baixar agora!<\/a><\/span><span class=\"sdm_download_item_count\"><span class=\"sdm_item_count_number\">52<\/span><span class=\"sdm_item_count_string\"> Downloads<\/span><\/span><\/div><\/div><div class=\"sdm_download_item \"><div class=\"sdm_download_item_top\"><div class=\"sdm_download_thumbnail\"><\/div><div class=\"sdm_download_title\">PL 054.2023 &#8211; Cr\u00e9dito Suplementar &#8211; Diversos<\/div><\/div><div style=\"clear:both;\"><\/div><div class=\"sdm_download_description\"><\/div><div class=\"sdm_download_link\"><span class=\"sdm_download_button\"><a href=\"https:\/\/site.camarapassasete.rs.gov.br\/site\/?sdm_process_download=1&download_id=6633\" class=\"sdm_download green\" title=\"PL 054.2023 &#8211; Cr\u00e9dito Suplementar &#8211; Diversos\" target=\"_self\">Baixar agora!<\/a><\/span><span class=\"sdm_download_item_count\"><span class=\"sdm_item_count_number\">57<\/span><span class=\"sdm_item_count_string\"> Downloads<\/span><\/span><\/div><\/div><div class=\"sdm_download_item \"><div class=\"sdm_download_item_top\"><div class=\"sdm_download_thumbnail\"><\/div><div class=\"sdm_download_title\">PL 053.2023 &#8211; Contrata\u00e7\u00e3o Atendente Unidade Sanit\u00e1ria<\/div><\/div><div style=\"clear:both;\"><\/div><div class=\"sdm_download_description\"><\/div><div class=\"sdm_download_link\"><span class=\"sdm_download_button\"><a href=\"https:\/\/site.camarapassasete.rs.gov.br\/site\/?sdm_process_download=1&download_id=6631\" class=\"sdm_download green\" title=\"PL 053.2023 &#8211; Contrata\u00e7\u00e3o Atendente Unidade Sanit\u00e1ria\" target=\"_self\">Baixar agora!<\/a><\/span><span class=\"sdm_download_item_count\"><span class=\"sdm_item_count_number\">51<\/span><span class=\"sdm_item_count_string\"> Downloads<\/span><\/span><\/div><\/div><div class=\"sdm_download_item \"><div class=\"sdm_download_item_top\"><div class=\"sdm_download_thumbnail\"><\/div><div class=\"sdm_download_title\">PL 052.2023 &#8211; Contrata\u00e7\u00e3o Assistente Social NAAB<\/div><\/div><div style=\"clear:both;\"><\/div><div class=\"sdm_download_description\"><\/div><div class=\"sdm_download_link\"><span class=\"sdm_download_button\"><a href=\"https:\/\/site.camarapassasete.rs.gov.br\/site\/?sdm_process_download=1&download_id=6629\" class=\"sdm_download green\" title=\"PL 052.2023 &#8211; Contrata\u00e7\u00e3o Assistente Social NAAB\" target=\"_self\">Baixar agora!<\/a><\/span><span class=\"sdm_download_item_count\"><span class=\"sdm_item_count_number\">55<\/span><span class=\"sdm_item_count_string\"> Downloads<\/span><\/span><\/div><\/div><div class=\"sdm_download_item \"><div class=\"sdm_download_item_top\"><div class=\"sdm_download_thumbnail\"><\/div><div class=\"sdm_download_title\">PL 051.2023 &#8211; Contrata\u00e7\u00e3o Inspetor Tribut\u00e1rio<\/div><\/div><div style=\"clear:both;\"><\/div><div class=\"sdm_download_description\"><\/div><div class=\"sdm_download_link\"><span class=\"sdm_download_button\"><a href=\"https:\/\/site.camarapassasete.rs.gov.br\/site\/?sdm_process_download=1&download_id=6627\" class=\"sdm_download green\" title=\"PL 051.2023 &#8211; Contrata\u00e7\u00e3o Inspetor Tribut\u00e1rio\" target=\"_self\">Baixar agora!<\/a><\/span><span class=\"sdm_download_item_count\"><span class=\"sdm_item_count_number\">58<\/span><span class=\"sdm_item_count_string\"> Downloads<\/span><\/span><\/div><\/div><div class=\"sdm_clear_float\"><\/div><div class=\"sdm_pagination\"><span aria-current=\"page\" class=\"page-numbers current\">1<\/span>\n<a class=\"page-numbers\" href=\"https:\/\/site.camarapassasete.rs.gov.br\/site\/wp-json\/wp\/v2\/pages\/6408\/page\/2\/\">2<\/a>\n<a class=\"page-numbers\" href=\"https:\/\/site.camarapassasete.rs.gov.br\/site\/wp-json\/wp\/v2\/pages\/6408\/page\/3\/\">3<\/a>\n<a class=\"page-numbers\" href=\"https:\/\/site.camarapassasete.rs.gov.br\/site\/wp-json\/wp\/v2\/pages\/6408\/page\/4\/\">4<\/a>\n<a class=\"next page-numbers\" href=\"https:\/\/site.camarapassasete.rs.gov.br\/site\/wp-json\/wp\/v2\/pages\/6408\/page\/2\/\">&raquo;<\/a><\/div><\/div>\n\t\t\t\t<\/div>\n\t\t\t\t<\/div>\n\t\t\t\t\t<\/div>\n\t\t\t\t<\/div>\n\t\t\t\t<\/div>\n\t\t","protected":false},"excerpt":{"rendered":"","protected":false},"author":2,"featured_media":0,"parent":0,"menu_order":0,"comment_status":"closed","ping_status":"closed","template":"","meta":{"site-sidebar-layout":"no-sidebar","site-content-layout":"","ast-site-content-layout":"full-width-container","site-content-style":"default","site-sidebar-style":"default","ast-global-header-display":"","ast-banner-title-visibility":"","ast-main-header-display":"","ast-hfb-above-header-display":"","ast-hfb-below-header-display":"","ast-hfb-mobile-header-display":"","site-post-title":"disabled","ast-breadcrumbs-content":"","ast-featured-img":"disabled","footer-sml-layout":"","theme-transparent-header-meta":"","adv-header-id-meta":"","stick-header-meta":"","header-above-stick-meta":"","header-main-stick-meta":"","header-below-stick-meta":"","astra-migrate-meta-layouts":"default","ast-page-background-enabled":"default","ast-page-background-meta":{"desktop":{"background-color":"var(--ast-global-color-4)","background-image":"","background-repeat":"repeat","background-position":"center center","background-size":"auto","background-attachment":"scroll","background-type":"","background-media":"","overlay-type":"","overlay-color":"","overlay-opacity":"","overlay-gradient":""},"tablet":{"background-color":"","background-image":"","background-repeat":"repeat","background-position":"center center","background-size":"auto","background-attachment":"scroll","background-type":"","background-media":"","overlay-type":"","overlay-color":"","overlay-opacity":"","overlay-gradient":""},"mobile":{"background-color":"","background-image":"","background-repeat":"repeat","background-position":"center center","background-size":"auto","background-attachment":"scroll","background-type":"","background-media":"","overlay-type":"","overlay-color":"","overlay-opacity":"","overlay-gradient":""}},"ast-content-background-meta":{"desktop":{"background-color":"var(--ast-global-color-5)","background-image":"","background-repeat":"repeat","background-position":"center center","background-size":"auto","background-attachment":"scroll","background-type":"","background-media":"","overlay-type":"","overlay-color":"","overlay-opacity":"","overlay-gradient":""},"tablet":{"background-color":"var(--ast-global-color-5)","background-image":"","background-repeat":"repeat","background-position":"center center","background-size":"auto","background-attachment":"scroll","background-type":"","background-media":"","overlay-type":"","overlay-color":"","overlay-opacity":"","overlay-gradient":""},"mobile":{"background-color":"var(--ast-global-color-5)","background-image":"","background-repeat":"repeat","background-position":"center center","background-size":"auto","background-attachment":"scroll","background-type":"","background-media":"","overlay-type":"","overlay-color":"","overlay-opacity":"","overlay-gradient":""}},"footnotes":""},"class_list":["post-6408","page","type-page","status-publish","hentry"],"_links":{"self":[{"href":"https:\/\/site.camarapassasete.rs.gov.br\/site\/wp-json\/wp\/v2\/pages\/6408","targetHints":{"allow":["GET"]}}],"collection":[{"href":"https:\/\/site.camarapassasete.rs.gov.br\/site\/wp-json\/wp\/v2\/pages"}],"about":[{"href":"https:\/\/site.camarapassasete.rs.gov.br\/site\/wp-json\/wp\/v2\/types\/page"}],"author":[{"embeddable":true,"href":"https:\/\/site.camarapassasete.rs.gov.br\/site\/wp-json\/wp\/v2\/users\/2"}],"replies":[{"embeddable":true,"href":"https:\/\/site.camarapassasete.rs.gov.br\/site\/wp-json\/wp\/v2\/comments?post=6408"}],"version-history":[{"count":4,"href":"https:\/\/site.camarapassasete.rs.gov.br\/site\/wp-json\/wp\/v2\/pages\/6408\/revisions"}],"predecessor-version":[{"id":6412,"href":"https:\/\/site.camarapassasete.rs.gov.br\/site\/wp-json\/wp\/v2\/pages\/6408\/revisions\/6412"}],"wp:attachment":[{"href":"https:\/\/site.camarapassasete.rs.gov.br\/site\/wp-json\/wp\/v2\/media?parent=6408"}],"curies":[{"name":"wp","href":"https:\/\/api.w.org\/{rel}","templated":true}]}}