{"id":6414,"date":"2025-05-26T12:27:14","date_gmt":"2025-05-26T15:27:14","guid":{"rendered":"https:\/\/site.camarapassasete.rs.gov.br\/site\/?page_id=6414"},"modified":"2025-05-26T12:27:47","modified_gmt":"2025-05-26T15:27:47","slug":"projetos-aprovados-executivo-2022","status":"publish","type":"page","link":"https:\/\/site.camarapassasete.rs.gov.br\/site\/projetos-aprovados-executivo-2022\/","title":{"rendered":"\u00a0Projetos Aprovados Executivo 2022"},"content":{"rendered":"\t\t<div data-elementor-type=\"wp-page\" data-elementor-id=\"6414\" class=\"elementor elementor-6414\" data-elementor-post-type=\"page\">\n\t\t\t\t<div class=\"elementor-element elementor-element-fb5155a e-flex e-con-boxed e-con e-parent\" data-id=\"fb5155a\" data-element_type=\"container\">\n\t\t\t\t\t<div class=\"e-con-inner\">\n\t\t\t\t<div class=\"elementor-element elementor-element-6056e04 elementor-widget elementor-widget-shortcode\" data-id=\"6056e04\" data-element_type=\"widget\" data-widget_type=\"shortcode.default\">\n\t\t\t\t<div class=\"elementor-widget-container\">\n\t\t\t\t\t<div class=\"elementor-shortcode\"><div class=\"sdm_download_item \"><div class=\"sdm_download_item_top\"><div class=\"sdm_download_thumbnail\"><\/div><div class=\"sdm_download_title\">PL 025.2021 &#8211; LDO 2022 &#8211; Executivo, Legislativo e RPPS<\/div><\/div><div style=\"clear:both;\"><\/div><div class=\"sdm_download_description\"><\/div><div class=\"sdm_download_link\"><span class=\"sdm_download_button\"><a href=\"https:\/\/site.camarapassasete.rs.gov.br\/site\/?sdm_process_download=1&download_id=6525\" class=\"sdm_download green\" title=\"PL 025.2021 &#8211; LDO 2022 &#8211; Executivo, Legislativo e RPPS\" target=\"_self\">Baixar agora!<\/a><\/span><span class=\"sdm_download_item_count\"><span class=\"sdm_item_count_number\">62<\/span><span class=\"sdm_item_count_string\"> Downloads<\/span><\/span><\/div><\/div><div class=\"sdm_download_item \"><div class=\"sdm_download_item_top\"><div class=\"sdm_download_thumbnail\"><\/div><div class=\"sdm_download_title\">PL 050.2022 &#8211; Prorroga\u00e7\u00e3o Contrato Gestante<\/div><\/div><div style=\"clear:both;\"><\/div><div class=\"sdm_download_description\"><\/div><div class=\"sdm_download_link\"><span class=\"sdm_download_button\"><a href=\"https:\/\/site.camarapassasete.rs.gov.br\/site\/?sdm_process_download=1&download_id=6522\" class=\"sdm_download green\" title=\"PL 050.2022 &#8211; Prorroga\u00e7\u00e3o Contrato Gestante\" target=\"_self\">Baixar agora!<\/a><\/span><span class=\"sdm_download_item_count\"><span class=\"sdm_item_count_number\">57<\/span><span class=\"sdm_item_count_string\"> Downloads<\/span><\/span><\/div><\/div><div class=\"sdm_download_item \"><div class=\"sdm_download_item_top\"><div class=\"sdm_download_thumbnail\"><\/div><div class=\"sdm_download_title\">PL 049.2022 &#8211; Prorroga\u00e7\u00e3o Contrato Gestante<\/div><\/div><div style=\"clear:both;\"><\/div><div class=\"sdm_download_description\"><\/div><div class=\"sdm_download_link\"><span class=\"sdm_download_button\"><a href=\"https:\/\/site.camarapassasete.rs.gov.br\/site\/?sdm_process_download=1&download_id=6520\" class=\"sdm_download green\" title=\"PL 049.2022 &#8211; Prorroga\u00e7\u00e3o Contrato Gestante\" target=\"_self\">Baixar agora!<\/a><\/span><span class=\"sdm_download_item_count\"><span class=\"sdm_item_count_number\">58<\/span><span class=\"sdm_item_count_string\"> Downloads<\/span><\/span><\/div><\/div><div class=\"sdm_download_item \"><div class=\"sdm_download_item_top\"><div class=\"sdm_download_thumbnail\"><\/div><div class=\"sdm_download_title\">PL 048.2022 &#8211; Altera\u00e7\u00f5es Estrutura Administrativa e Plano Carreira Servidores<\/div><\/div><div style=\"clear:both;\"><\/div><div class=\"sdm_download_description\"><\/div><div class=\"sdm_download_link\"><span class=\"sdm_download_button\"><a href=\"https:\/\/site.camarapassasete.rs.gov.br\/site\/?sdm_process_download=1&download_id=6518\" class=\"sdm_download green\" title=\"PL 048.2022 &#8211; Altera\u00e7\u00f5es Estrutura Administrativa e Plano Carreira Servidores\" target=\"_self\">Baixar agora!<\/a><\/span><span class=\"sdm_download_item_count\"><span class=\"sdm_item_count_number\">65<\/span><span class=\"sdm_item_count_string\"> Downloads<\/span><\/span><\/div><\/div><div class=\"sdm_download_item \"><div class=\"sdm_download_item_top\"><div class=\"sdm_download_thumbnail\"><\/div><div class=\"sdm_download_title\">PL 047.2022 &#8211; Cr\u00e9dito Especial &#8211; Elemento Despesa &#8211; Eventos<\/div><\/div><div style=\"clear:both;\"><\/div><div class=\"sdm_download_description\"><\/div><div class=\"sdm_download_link\"><span class=\"sdm_download_button\"><a href=\"https:\/\/site.camarapassasete.rs.gov.br\/site\/?sdm_process_download=1&download_id=6516\" class=\"sdm_download green\" title=\"PL 047.2022 &#8211; Cr\u00e9dito Especial &#8211; Elemento Despesa &#8211; Eventos\" target=\"_self\">Baixar agora!<\/a><\/span><span class=\"sdm_download_item_count\"><span class=\"sdm_item_count_number\">68<\/span><span class=\"sdm_item_count_string\"> Downloads<\/span><\/span><\/div><\/div><div class=\"sdm_download_item \"><div class=\"sdm_download_item_top\"><div class=\"sdm_download_thumbnail\"><\/div><div class=\"sdm_download_title\">PL 046.2022 &#8211; Cr\u00e9dito Suplementar &#8211; Educa\u00e7\u00e3o<\/div><\/div><div style=\"clear:both;\"><\/div><div class=\"sdm_download_description\"><\/div><div class=\"sdm_download_link\"><span class=\"sdm_download_button\"><a href=\"https:\/\/site.camarapassasete.rs.gov.br\/site\/?sdm_process_download=1&download_id=6514\" class=\"sdm_download green\" title=\"PL 046.2022 &#8211; Cr\u00e9dito Suplementar &#8211; Educa\u00e7\u00e3o\" target=\"_self\">Baixar agora!<\/a><\/span><span class=\"sdm_download_item_count\"><span class=\"sdm_item_count_number\">65<\/span><span class=\"sdm_item_count_string\"> Downloads<\/span><\/span><\/div><\/div><div class=\"sdm_download_item \"><div class=\"sdm_download_item_top\"><div class=\"sdm_download_thumbnail\"><\/div><div class=\"sdm_download_title\">Parecer Jur\u00eddico &#8211; PL 045-2022 P. Executivo<\/div><\/div><div style=\"clear:both;\"><\/div><div class=\"sdm_download_description\"><\/div><div class=\"sdm_download_link\"><span class=\"sdm_download_button\"><a href=\"https:\/\/site.camarapassasete.rs.gov.br\/site\/?sdm_process_download=1&download_id=6512\" class=\"sdm_download green\" title=\"Parecer Jur\u00eddico &#8211; PL 045-2022 P. Executivo\" target=\"_self\">Baixar agora!<\/a><\/span><span class=\"sdm_download_item_count\"><span class=\"sdm_item_count_number\">59<\/span><span class=\"sdm_item_count_string\"> Downloads<\/span><\/span><\/div><\/div><div class=\"sdm_download_item \"><div class=\"sdm_download_item_top\"><div class=\"sdm_download_thumbnail\"><\/div><div class=\"sdm_download_title\">PL 045.2022 &#8211; Cr\u00e9dito Especial &#8211; Metas PPA, LDO e LOA<\/div><\/div><div style=\"clear:both;\"><\/div><div class=\"sdm_download_description\"><\/div><div class=\"sdm_download_link\"><span class=\"sdm_download_button\"><a href=\"https:\/\/site.camarapassasete.rs.gov.br\/site\/?sdm_process_download=1&download_id=6510\" class=\"sdm_download green\" title=\"PL 045.2022 &#8211; Cr\u00e9dito Especial &#8211; Metas PPA, LDO e LOA\" target=\"_self\">Baixar agora!<\/a><\/span><span class=\"sdm_download_item_count\"><span class=\"sdm_item_count_number\">54<\/span><span class=\"sdm_item_count_string\"> Downloads<\/span><\/span><\/div><\/div><div class=\"sdm_download_item \"><div class=\"sdm_download_item_top\"><div class=\"sdm_download_thumbnail\"><\/div><div class=\"sdm_download_title\">PL 043.2022 &#8211; LOA 2023<\/div><\/div><div style=\"clear:both;\"><\/div><div class=\"sdm_download_description\"><\/div><div class=\"sdm_download_link\"><span class=\"sdm_download_button\"><a href=\"https:\/\/site.camarapassasete.rs.gov.br\/site\/?sdm_process_download=1&download_id=6508\" class=\"sdm_download green\" title=\"PL 043.2022 &#8211; LOA 2023\" target=\"_self\">Baixar agora!<\/a><\/span><span class=\"sdm_download_item_count\"><span class=\"sdm_item_count_number\">61<\/span><span class=\"sdm_item_count_string\"> Downloads<\/span><\/span><\/div><\/div><div class=\"sdm_download_item \"><div class=\"sdm_download_item_top\"><div class=\"sdm_download_thumbnail\"><\/div><div class=\"sdm_download_title\">PL 042.2022 &#8211; Cr\u00e9dito Suplementar &#8211; Sa\u00fade<\/div><\/div><div style=\"clear:both;\"><\/div><div class=\"sdm_download_description\"><\/div><div class=\"sdm_download_link\"><span class=\"sdm_download_button\"><a href=\"https:\/\/site.camarapassasete.rs.gov.br\/site\/?sdm_process_download=1&download_id=6506\" class=\"sdm_download green\" title=\"PL 042.2022 &#8211; Cr\u00e9dito Suplementar &#8211; Sa\u00fade\" target=\"_self\">Baixar agora!<\/a><\/span><span class=\"sdm_download_item_count\"><span class=\"sdm_item_count_number\">61<\/span><span class=\"sdm_item_count_string\"> Downloads<\/span><\/span><\/div><\/div><div class=\"sdm_download_item \"><div class=\"sdm_download_item_top\"><div class=\"sdm_download_thumbnail\"><\/div><div class=\"sdm_download_title\">PL 041.2022 &#8211; Altera\u00e7\u00e3o Limite LOA 2022<\/div><\/div><div style=\"clear:both;\"><\/div><div class=\"sdm_download_description\"><\/div><div class=\"sdm_download_link\"><span class=\"sdm_download_button\"><a href=\"https:\/\/site.camarapassasete.rs.gov.br\/site\/?sdm_process_download=1&download_id=6504\" class=\"sdm_download green\" title=\"PL 041.2022 &#8211; Altera\u00e7\u00e3o Limite LOA 2022\" target=\"_self\">Baixar agora!<\/a><\/span><span class=\"sdm_download_item_count\"><span class=\"sdm_item_count_number\">59<\/span><span class=\"sdm_item_count_string\"> Downloads<\/span><\/span><\/div><\/div><div class=\"sdm_download_item \"><div class=\"sdm_download_item_top\"><div class=\"sdm_download_thumbnail\"><\/div><div class=\"sdm_download_title\">PL 040.2022 &#8211; Cr\u00e9dito Suplementar &#8211; Diversos<\/div><\/div><div style=\"clear:both;\"><\/div><div class=\"sdm_download_description\"><\/div><div class=\"sdm_download_link\"><span class=\"sdm_download_button\"><a href=\"https:\/\/site.camarapassasete.rs.gov.br\/site\/?sdm_process_download=1&download_id=6502\" class=\"sdm_download green\" title=\"PL 040.2022 &#8211; Cr\u00e9dito Suplementar &#8211; Diversos\" target=\"_self\">Baixar agora!<\/a><\/span><span class=\"sdm_download_item_count\"><span class=\"sdm_item_count_number\">58<\/span><span class=\"sdm_item_count_string\"> Downloads<\/span><\/span><\/div><\/div><div class=\"sdm_download_item \"><div class=\"sdm_download_item_top\"><div class=\"sdm_download_thumbnail\"><\/div><div class=\"sdm_download_title\">PL 039.2022 &#8211; Associa\u00e7\u00e3o MPS AMPROTABACO<\/div><\/div><div style=\"clear:both;\"><\/div><div class=\"sdm_download_description\"><\/div><div class=\"sdm_download_link\"><span class=\"sdm_download_button\"><a href=\"https:\/\/site.camarapassasete.rs.gov.br\/site\/?sdm_process_download=1&download_id=6500\" class=\"sdm_download green\" title=\"PL 039.2022 &#8211; Associa\u00e7\u00e3o MPS AMPROTABACO\" target=\"_self\">Baixar agora!<\/a><\/span><span class=\"sdm_download_item_count\"><span class=\"sdm_item_count_number\">59<\/span><span class=\"sdm_item_count_string\"> Downloads<\/span><\/span><\/div><\/div><div class=\"sdm_download_item \"><div class=\"sdm_download_item_top\"><div class=\"sdm_download_thumbnail\"><\/div><div class=\"sdm_download_title\">PL 038.2022 &#8211; Altera\u00e7\u00e3o CTM &#8211; LM n\u00ba 1661.2019<\/div><\/div><div style=\"clear:both;\"><\/div><div class=\"sdm_download_description\"><\/div><div class=\"sdm_download_link\"><span class=\"sdm_download_button\"><a href=\"https:\/\/site.camarapassasete.rs.gov.br\/site\/?sdm_process_download=1&download_id=6498\" class=\"sdm_download green\" title=\"PL 038.2022 &#8211; Altera\u00e7\u00e3o CTM &#8211; LM n\u00ba 1661.2019\" target=\"_self\">Baixar agora!<\/a><\/span><span class=\"sdm_download_item_count\"><span class=\"sdm_item_count_number\">63<\/span><span class=\"sdm_item_count_string\"> Downloads<\/span><\/span><\/div><\/div><div class=\"sdm_download_item \"><div class=\"sdm_download_item_top\"><div class=\"sdm_download_thumbnail\"><\/div><div class=\"sdm_download_title\">PL 037.2022 &#8211; Contrata\u00e7\u00e3o Atendente Unidade Sanit\u00e1ria<\/div><\/div><div style=\"clear:both;\"><\/div><div class=\"sdm_download_description\"><\/div><div class=\"sdm_download_link\"><span class=\"sdm_download_button\"><a href=\"https:\/\/site.camarapassasete.rs.gov.br\/site\/?sdm_process_download=1&download_id=6496\" class=\"sdm_download green\" title=\"PL 037.2022 &#8211; Contrata\u00e7\u00e3o Atendente Unidade Sanit\u00e1ria\" target=\"_self\">Baixar agora!<\/a><\/span><span class=\"sdm_download_item_count\"><span class=\"sdm_item_count_number\">64<\/span><span class=\"sdm_item_count_string\"> Downloads<\/span><\/span><\/div><\/div><div class=\"sdm_download_item \"><div class=\"sdm_download_item_top\"><div class=\"sdm_download_thumbnail\"><\/div><div class=\"sdm_download_title\">PL 036.2022 &#8211; Contrata\u00e7\u00e3o Assistente Social NAAB<\/div><\/div><div style=\"clear:both;\"><\/div><div class=\"sdm_download_description\"><\/div><div class=\"sdm_download_link\"><span class=\"sdm_download_button\"><a href=\"https:\/\/site.camarapassasete.rs.gov.br\/site\/?sdm_process_download=1&download_id=6494\" class=\"sdm_download green\" title=\"PL 036.2022 &#8211; Contrata\u00e7\u00e3o Assistente Social NAAB\" target=\"_self\">Baixar agora!<\/a><\/span><span class=\"sdm_download_item_count\"><span class=\"sdm_item_count_number\">60<\/span><span class=\"sdm_item_count_string\"> Downloads<\/span><\/span><\/div><\/div><div class=\"sdm_download_item \"><div class=\"sdm_download_item_top\"><div class=\"sdm_download_thumbnail\"><\/div><div class=\"sdm_download_title\">PL 035.2022 &#8211; Plano Carreira &#8211; Agentes Sa\u00fade e Endemias<\/div><\/div><div style=\"clear:both;\"><\/div><div class=\"sdm_download_description\"><\/div><div class=\"sdm_download_link\"><span class=\"sdm_download_button\"><a href=\"https:\/\/site.camarapassasete.rs.gov.br\/site\/?sdm_process_download=1&download_id=6492\" class=\"sdm_download green\" title=\"PL 035.2022 &#8211; Plano Carreira &#8211; Agentes Sa\u00fade e Endemias\" target=\"_self\">Baixar agora!<\/a><\/span><span class=\"sdm_download_item_count\"><span class=\"sdm_item_count_number\">58<\/span><span class=\"sdm_item_count_string\"> Downloads<\/span><\/span><\/div><\/div><div class=\"sdm_download_item \"><div class=\"sdm_download_item_top\"><div class=\"sdm_download_thumbnail\"><\/div><div class=\"sdm_download_title\">PL 034.2022 &#8211; Cr\u00e9dito Especial &#8211; Meta PPA, LDO e LOA<\/div><\/div><div style=\"clear:both;\"><\/div><div class=\"sdm_download_description\"><\/div><div class=\"sdm_download_link\"><span class=\"sdm_download_button\"><a href=\"https:\/\/site.camarapassasete.rs.gov.br\/site\/?sdm_process_download=1&download_id=6490\" class=\"sdm_download green\" title=\"PL 034.2022 &#8211; Cr\u00e9dito Especial &#8211; Meta PPA, LDO e LOA\" target=\"_self\">Baixar agora!<\/a><\/span><span class=\"sdm_download_item_count\"><span class=\"sdm_item_count_number\">69<\/span><span class=\"sdm_item_count_string\"> Downloads<\/span><\/span><\/div><\/div><div class=\"sdm_download_item \"><div class=\"sdm_download_item_top\"><div class=\"sdm_download_thumbnail\"><\/div><div class=\"sdm_download_title\">PL 033.2022 &#8211; Cr\u00e9dito Suplementar &#8211; Sa\u00fade<\/div><\/div><div style=\"clear:both;\"><\/div><div class=\"sdm_download_description\"><\/div><div class=\"sdm_download_link\"><span class=\"sdm_download_button\"><a href=\"https:\/\/site.camarapassasete.rs.gov.br\/site\/?sdm_process_download=1&download_id=6488\" class=\"sdm_download green\" title=\"PL 033.2022 &#8211; Cr\u00e9dito Suplementar &#8211; Sa\u00fade\" target=\"_self\">Baixar agora!<\/a><\/span><span class=\"sdm_download_item_count\"><span class=\"sdm_item_count_number\">70<\/span><span class=\"sdm_item_count_string\"> Downloads<\/span><\/span><\/div><\/div><div class=\"sdm_download_item \"><div class=\"sdm_download_item_top\"><div class=\"sdm_download_thumbnail\"><\/div><div class=\"sdm_download_title\">PL 032.2022 &#8211; Contrata\u00e7\u00e3o Motorista Sa\u00fade<\/div><\/div><div style=\"clear:both;\"><\/div><div class=\"sdm_download_description\"><\/div><div class=\"sdm_download_link\"><span class=\"sdm_download_button\"><a href=\"https:\/\/site.camarapassasete.rs.gov.br\/site\/?sdm_process_download=1&download_id=6486\" class=\"sdm_download green\" title=\"PL 032.2022 &#8211; Contrata\u00e7\u00e3o Motorista Sa\u00fade\" target=\"_self\">Baixar agora!<\/a><\/span><span class=\"sdm_download_item_count\"><span class=\"sdm_item_count_number\">81<\/span><span class=\"sdm_item_count_string\"> Downloads<\/span><\/span><\/div><\/div><div class=\"sdm_clear_float\"><\/div><div class=\"sdm_pagination\"><span aria-current=\"page\" class=\"page-numbers current\">1<\/span>\n<a class=\"page-numbers\" href=\"https:\/\/site.camarapassasete.rs.gov.br\/site\/wp-json\/wp\/v2\/pages\/6414\/page\/2\/\">2<\/a>\n<a class=\"page-numbers\" href=\"https:\/\/site.camarapassasete.rs.gov.br\/site\/wp-json\/wp\/v2\/pages\/6414\/page\/3\/\">3<\/a>\n<a class=\"next page-numbers\" href=\"https:\/\/site.camarapassasete.rs.gov.br\/site\/wp-json\/wp\/v2\/pages\/6414\/page\/2\/\">&raquo;<\/a><\/div><\/div>\n\t\t\t\t<\/div>\n\t\t\t\t<\/div>\n\t\t\t\t\t<\/div>\n\t\t\t\t<\/div>\n\t\t\t\t<\/div>\n\t\t","protected":false},"excerpt":{"rendered":"","protected":false},"author":2,"featured_media":0,"parent":0,"menu_order":0,"comment_status":"closed","ping_status":"closed","template":"","meta":{"site-sidebar-layout":"no-sidebar","site-content-layout":"","ast-site-content-layout":"full-width-container","site-content-style":"default","site-sidebar-style":"default","ast-global-header-display":"","ast-banner-title-visibility":"","ast-main-header-display":"","ast-hfb-above-header-display":"","ast-hfb-below-header-display":"","ast-hfb-mobile-header-display":"","site-post-title":"disabled","ast-breadcrumbs-content":"","ast-featured-img":"disabled","footer-sml-layout":"","theme-transparent-header-meta":"","adv-header-id-meta":"","stick-header-meta":"","header-above-stick-meta":"","header-main-stick-meta":"","header-below-stick-meta":"","astra-migrate-meta-layouts":"default","ast-page-background-enabled":"default","ast-page-background-meta":{"desktop":{"background-color":"var(--ast-global-color-4)","background-image":"","background-repeat":"repeat","background-position":"center center","background-size":"auto","background-attachment":"scroll","background-type":"","background-media":"","overlay-type":"","overlay-color":"","overlay-opacity":"","overlay-gradient":""},"tablet":{"background-color":"","background-image":"","background-repeat":"repeat","background-position":"center center","background-size":"auto","background-attachment":"scroll","background-type":"","background-media":"","overlay-type":"","overlay-color":"","overlay-opacity":"","overlay-gradient":""},"mobile":{"background-color":"","background-image":"","background-repeat":"repeat","background-position":"center center","background-size":"auto","background-attachment":"scroll","background-type":"","background-media":"","overlay-type":"","overlay-color":"","overlay-opacity":"","overlay-gradient":""}},"ast-content-background-meta":{"desktop":{"background-color":"var(--ast-global-color-5)","background-image":"","background-repeat":"repeat","background-position":"center center","background-size":"auto","background-attachment":"scroll","background-type":"","background-media":"","overlay-type":"","overlay-color":"","overlay-opacity":"","overlay-gradient":""},"tablet":{"background-color":"var(--ast-global-color-5)","background-image":"","background-repeat":"repeat","background-position":"center center","background-size":"auto","background-attachment":"scroll","background-type":"","background-media":"","overlay-type":"","overlay-color":"","overlay-opacity":"","overlay-gradient":""},"mobile":{"background-color":"var(--ast-global-color-5)","background-image":"","background-repeat":"repeat","background-position":"center center","background-size":"auto","background-attachment":"scroll","background-type":"","background-media":"","overlay-type":"","overlay-color":"","overlay-opacity":"","overlay-gradient":""}},"footnotes":""},"class_list":["post-6414","page","type-page","status-publish","hentry"],"_links":{"self":[{"href":"https:\/\/site.camarapassasete.rs.gov.br\/site\/wp-json\/wp\/v2\/pages\/6414","targetHints":{"allow":["GET"]}}],"collection":[{"href":"https:\/\/site.camarapassasete.rs.gov.br\/site\/wp-json\/wp\/v2\/pages"}],"about":[{"href":"https:\/\/site.camarapassasete.rs.gov.br\/site\/wp-json\/wp\/v2\/types\/page"}],"author":[{"embeddable":true,"href":"https:\/\/site.camarapassasete.rs.gov.br\/site\/wp-json\/wp\/v2\/users\/2"}],"replies":[{"embeddable":true,"href":"https:\/\/site.camarapassasete.rs.gov.br\/site\/wp-json\/wp\/v2\/comments?post=6414"}],"version-history":[{"count":4,"href":"https:\/\/site.camarapassasete.rs.gov.br\/site\/wp-json\/wp\/v2\/pages\/6414\/revisions"}],"predecessor-version":[{"id":6418,"href":"https:\/\/site.camarapassasete.rs.gov.br\/site\/wp-json\/wp\/v2\/pages\/6414\/revisions\/6418"}],"wp:attachment":[{"href":"https:\/\/site.camarapassasete.rs.gov.br\/site\/wp-json\/wp\/v2\/media?parent=6414"}],"curies":[{"name":"wp","href":"https:\/\/api.w.org\/{rel}","templated":true}]}}