{"id":83,"date":"2024-08-26T16:35:25","date_gmt":"2024-08-26T19:35:25","guid":{"rendered":"https:\/\/site.camarapassasete.rs.gov.br\/site\/?page_id=83"},"modified":"2024-08-26T16:35:25","modified_gmt":"2024-08-26T19:35:25","slug":"agenda","status":"publish","type":"page","link":"https:\/\/site.camarapassasete.rs.gov.br\/site\/agenda\/","title":{"rendered":"Agenda"},"content":{"rendered":"<div class=\"sdm_download_item \"><div class=\"sdm_download_item_top\"><div class=\"sdm_download_thumbnail\"><\/div><div class=\"sdm_download_title\">Agenda do m\u00eas de mar\u00e7o de 2026<\/div><\/div><div style=\"clear:both;\"><\/div><div class=\"sdm_download_description\"><p>Dia 02 Sess\u00e3o Ordin\u00e1ria \u00e1s 18:00 horas;<\/p>\n<p>Dia 09 Sess\u00e3o Ordin\u00e1ria \u00e1s 18:00 horas;<\/p>\n<p>Dia 16 Sess\u00e3o Ordin\u00e1ria \u00e1s 18:00 horas;<\/p>\n<p>Dia 23 Sess\u00e3o Ordin\u00e1ria \u00e1s 18:00 horas;<\/p>\n<p>Dia 30 Sess\u00e3o Ordin\u00e1ria \u00e1s 18:00 horas;<\/p>\n<\/div><div class=\"sdm_download_link\"><span class=\"sdm_download_button\"><a href=\"https:\/\/site.camarapassasete.rs.gov.br\/site\/?sdm_process_download=1&download_id=8120\" class=\"sdm_download green\" title=\"Agenda do m\u00eas de mar\u00e7o de 2026\" target=\"_self\">Baixar agora!<\/a><\/span><span class=\"sdm_download_item_count\"><span class=\"sdm_item_count_number\">0<\/span><span class=\"sdm_item_count_string\"> Downloads<\/span><\/span><\/div><\/div><div class=\"sdm_download_item \"><div class=\"sdm_download_item_top\"><div class=\"sdm_download_thumbnail\"><\/div><div class=\"sdm_download_title\">Agenda do m\u00eas de fevereiro de 2026<\/div><\/div><div style=\"clear:both;\"><\/div><div class=\"sdm_download_description\"><p>Dia 02 Sess\u00e3o Ordin\u00e1ria \u00e1s 18:00 horas;<\/p>\n<p>Dia 09 Sess\u00e3o Ordin\u00e1ria \u00e1s 18:00 horas;<\/p>\n<p>Dia 23 Sess\u00e3o Ordin\u00e1ria \u00e1s 18:00 horas;<\/p>\n<p>&nbsp;<\/p>\n<\/div><div class=\"sdm_download_link\"><span class=\"sdm_download_button\"><a href=\"https:\/\/site.camarapassasete.rs.gov.br\/site\/?sdm_process_download=1&download_id=8119\" class=\"sdm_download green\" title=\"Agenda do m\u00eas de fevereiro de 2026\" target=\"_self\">Baixar agora!<\/a><\/span><span class=\"sdm_download_item_count\"><span class=\"sdm_item_count_number\">0<\/span><span class=\"sdm_item_count_string\"> Downloads<\/span><\/span><\/div><\/div><div class=\"sdm_download_item \"><div class=\"sdm_download_item_top\"><div class=\"sdm_download_thumbnail\"><\/div><div class=\"sdm_download_title\">Agenda do m\u00eas de janeiro de 2026<\/div><\/div><div style=\"clear:both;\"><\/div><div class=\"sdm_download_description\"><p>Dia 20 Sess\u00e3o Extraordin\u00e1ria \u00e1s 13:30 horas;<\/p>\n<\/div><div class=\"sdm_download_link\"><span class=\"sdm_download_button\"><a href=\"https:\/\/site.camarapassasete.rs.gov.br\/site\/?sdm_process_download=1&download_id=8118\" class=\"sdm_download green\" title=\"Agenda do m\u00eas de janeiro de 2026\" target=\"_self\">Baixar agora!<\/a><\/span><span class=\"sdm_download_item_count\"><span class=\"sdm_item_count_number\">0<\/span><span class=\"sdm_item_count_string\"> Downloads<\/span><\/span><\/div><\/div><div class=\"sdm_download_item \"><div class=\"sdm_download_item_top\"><div class=\"sdm_download_thumbnail\"><\/div><div class=\"sdm_download_title\">Agenda do m\u00eas de dezembro de 2025<\/div><\/div><div style=\"clear:both;\"><\/div><div class=\"sdm_download_description\"><p>Dia 01 Sess\u00e3o Ordin\u00e1ria \u00e1s 18:00 horas;<\/p>\n<p>Dia 08 Sess\u00e3o Ordin\u00e1ria \u00e1s 18:00 horas;<\/p>\n<p>Dia 15 Sess\u00e3o Ordin\u00e1ria \u00e1s 18:00 horas;<\/p>\n<p>Dia 22 Sess\u00e3o Ordin\u00e1ria \u00e1s 18:00 horas;<\/p>\n<p>Dia 29 Sess\u00e3o Ordin\u00e1ria \u00e1s 18:00 horas;<\/p>\n<p>Dia 29 Sess\u00e3o\u00a0 Extraordin\u00e1ria \u00e1s 18:45 horas;<\/p>\n<\/div><div class=\"sdm_download_link\"><span class=\"sdm_download_button\"><a href=\"https:\/\/site.camarapassasete.rs.gov.br\/site\/?sdm_process_download=1&download_id=8117\" class=\"sdm_download green\" title=\"Agenda do m\u00eas de dezembro de 2025\" target=\"_self\">Baixar agora!<\/a><\/span><span class=\"sdm_download_item_count\"><span class=\"sdm_item_count_number\">0<\/span><span class=\"sdm_item_count_string\"> Downloads<\/span><\/span><\/div><\/div><div class=\"sdm_download_item \"><div class=\"sdm_download_item_top\"><div class=\"sdm_download_thumbnail\"><\/div><div class=\"sdm_download_title\">Agenda do m\u00eas de novembro de 2025<\/div><\/div><div style=\"clear:both;\"><\/div><div class=\"sdm_download_description\"><p>Dia 03 Sess\u00e3o Ordin\u00e1ria \u00e1s 18:00 horas;<\/p>\n<p>Dia 10 Sess\u00e3o Ordin\u00e1ria \u00e1s 18:00 horas;<\/p>\n<p>Dia 17 Sess\u00e3o Ordin\u00e1ria \u00e1s 18:00 horas;<\/p>\n<p>Dia 24 Sess\u00e3o Ordin\u00e1ria \u00e1s 18:00 horas;<\/p>\n<\/div><div class=\"sdm_download_link\"><span class=\"sdm_download_button\"><a href=\"https:\/\/site.camarapassasete.rs.gov.br\/site\/?sdm_process_download=1&download_id=8116\" class=\"sdm_download green\" title=\"Agenda do m\u00eas de novembro de 2025\" target=\"_self\">Baixar agora!<\/a><\/span><span class=\"sdm_download_item_count\"><span class=\"sdm_item_count_number\">0<\/span><span class=\"sdm_item_count_string\"> Downloads<\/span><\/span><\/div><\/div><div class=\"sdm_download_item \"><div class=\"sdm_download_item_top\"><div class=\"sdm_download_thumbnail\"><\/div><div class=\"sdm_download_title\">Agenda do m\u00eas de outubro de 2025<\/div><\/div><div style=\"clear:both;\"><\/div><div class=\"sdm_download_description\"><p>Dia 06 Sess\u00e3o Ordin\u00e1ria \u00e1s 18:00 horas;<\/p>\n<p>Dia 13 Sess\u00e3o Ordin\u00e1ria \u00e1s 18:00 horas;<\/p>\n<p>Dia 20 Sess\u00e3o Ordin\u00e1ria \u00e1s 18:00 horas;<\/p>\n<p>&nbsp;<\/p>\n<\/div><div class=\"sdm_download_link\"><span class=\"sdm_download_button\"><a href=\"https:\/\/site.camarapassasete.rs.gov.br\/site\/?sdm_process_download=1&download_id=8115\" class=\"sdm_download green\" title=\"Agenda do m\u00eas de outubro de 2025\" target=\"_self\">Baixar agora!<\/a><\/span><span class=\"sdm_download_item_count\"><span class=\"sdm_item_count_number\">0<\/span><span class=\"sdm_item_count_string\"> Downloads<\/span><\/span><\/div><\/div><div class=\"sdm_download_item \"><div class=\"sdm_download_item_top\"><div class=\"sdm_download_thumbnail\"><\/div><div class=\"sdm_download_title\">Agenda do m\u00eas de setembro de 2025<\/div><\/div><div style=\"clear:both;\"><\/div><div class=\"sdm_download_description\"><p>Dia 01 Sess\u00e3o Ordin\u00e1ria \u00e1s 18:00 horas;<\/p>\n<p>Dia 08 Sess\u00e3o Ordin\u00e1ria \u00e1s 18:00 horas;<\/p>\n<p>Dia 15 Sess\u00e3o Ordin\u00e1ria \u00e1s 18:00 horas;<\/p>\n<p>Dia 22 Sess\u00e3o Ordin\u00e1ria \u00e1s 18:00 horas;<\/p>\n<p>Dia 29 Sess\u00e3o Ordin\u00e1ria \u00e1s 18:00 horas;<\/p>\n<\/div><div class=\"sdm_download_link\"><span class=\"sdm_download_button\"><a href=\"https:\/\/site.camarapassasete.rs.gov.br\/site\/?sdm_process_download=1&download_id=8114\" class=\"sdm_download green\" title=\"Agenda do m\u00eas de setembro de 2025\" target=\"_self\">Baixar agora!<\/a><\/span><span class=\"sdm_download_item_count\"><span class=\"sdm_item_count_number\">0<\/span><span class=\"sdm_item_count_string\"> Downloads<\/span><\/span><\/div><\/div><div class=\"sdm_download_item \"><div class=\"sdm_download_item_top\"><div class=\"sdm_download_thumbnail\"><\/div><div class=\"sdm_download_title\">Agenda do m\u00eas de agosto de 2025<\/div><\/div><div style=\"clear:both;\"><\/div><div class=\"sdm_download_description\"><p>Dia 04 Sess\u00e3o Ordin\u00e1ria \u00e1s 18:00 horas;<\/p>\n<p>Dia 11 Sess\u00e3o Ordin\u00e1ria \u00e1s 18:00 horas;<\/p>\n<p>Dia 18 Sess\u00e3o Ordin\u00e1ria \u00e1s 18:00 horas;<\/p>\n<p>Dia 25 Sess\u00e3o Ordin\u00e1ria \u00e1s 18:00 horas;<\/p>\n<\/div><div class=\"sdm_download_link\"><span class=\"sdm_download_button\"><a href=\"https:\/\/site.camarapassasete.rs.gov.br\/site\/?sdm_process_download=1&download_id=8113\" class=\"sdm_download green\" title=\"Agenda do m\u00eas de agosto de 2025\" target=\"_self\">Baixar agora!<\/a><\/span><span class=\"sdm_download_item_count\"><span class=\"sdm_item_count_number\">0<\/span><span class=\"sdm_item_count_string\"> Downloads<\/span><\/span><\/div><\/div><div class=\"sdm_download_item \"><div class=\"sdm_download_item_top\"><div class=\"sdm_download_thumbnail\"><\/div><div class=\"sdm_download_title\">Agenda do m\u00eas de julho de 2025<\/div><\/div><div style=\"clear:both;\"><\/div><div class=\"sdm_download_description\"><p>Dia 07 Sess\u00e3o Ordin\u00e1ria \u00e1s 18:00 horas;<\/p>\n<p>Dia 14 Sess\u00e3o Ordin\u00e1ria \u00e1s 18:00 horas;<\/p>\n<p>Dia 21 Sess\u00e3o Ordin\u00e1ria \u00e1s 18:00 horas;<\/p>\n<p>Dia 28 Sess\u00e3o Ordin\u00e1ria \u00e1s 18:00 horas;<\/p>\n<\/div><div class=\"sdm_download_link\"><span class=\"sdm_download_button\"><a href=\"https:\/\/site.camarapassasete.rs.gov.br\/site\/?sdm_process_download=1&download_id=8112\" class=\"sdm_download green\" title=\"Agenda do m\u00eas de julho de 2025\" target=\"_self\">Baixar agora!<\/a><\/span><span class=\"sdm_download_item_count\"><span class=\"sdm_item_count_number\">0<\/span><span class=\"sdm_item_count_string\"> Downloads<\/span><\/span><\/div><\/div><div class=\"sdm_download_item \"><div class=\"sdm_download_item_top\"><div class=\"sdm_download_thumbnail\"><\/div><div class=\"sdm_download_title\">Agenda do m\u00eas de junho de 2025<\/div><\/div><div style=\"clear:both;\"><\/div><div class=\"sdm_download_description\"><p>Dia 02 Sess\u00e3o Ordin\u00e1ria \u00e1s 18:00 horas;<\/p>\n<p>Dia 09 Sess\u00e3o Ordin\u00e1ria \u00e1s 18:00 horas;<\/p>\n<p>Dia 16 Sess\u00e3o Ordin\u00e1ria \u00e1s 18:00 horas;<\/p>\n<p>Dia 23 Sess\u00e3o Ordin\u00e1ria \u00e1s 18:00 horas;<\/p>\n<p>Dia 30 Sess\u00e3o Ordin\u00e1ria \u00e1s 18:00 horas;<\/p>\n<\/div><div class=\"sdm_download_link\"><span class=\"sdm_download_button\"><a href=\"https:\/\/site.camarapassasete.rs.gov.br\/site\/?sdm_process_download=1&download_id=8111\" class=\"sdm_download green\" title=\"Agenda do m\u00eas de junho de 2025\" target=\"_self\">Baixar agora!<\/a><\/span><span class=\"sdm_download_item_count\"><span class=\"sdm_item_count_number\">0<\/span><span class=\"sdm_item_count_string\"> Downloads<\/span><\/span><\/div><\/div><div class=\"sdm_download_item \"><div class=\"sdm_download_item_top\"><div class=\"sdm_download_thumbnail\"><\/div><div class=\"sdm_download_title\">Agenda do m\u00eas de maio de 2025<\/div><\/div><div style=\"clear:both;\"><\/div><div class=\"sdm_download_description\"><p>Dia 05 Sess\u00e3o Ordin\u00e1ria \u00e1s 18:00 horas;<\/p>\n<p>Dia 12 Sess\u00e3o Ordin\u00e1ria \u00e1s 18:00 horas;<\/p>\n<p>Dia 19 Sess\u00e3o Ordin\u00e1ria \u00e1s 18:00 horas;<\/p>\n<p>Dia 26 Sess\u00e3o Ordin\u00e1ria \u00e1s 18:00 horas;<\/p>\n<p>&nbsp;<\/p>\n<\/div><div class=\"sdm_download_link\"><span class=\"sdm_download_button\"><a href=\"https:\/\/site.camarapassasete.rs.gov.br\/site\/?sdm_process_download=1&download_id=8110\" class=\"sdm_download green\" title=\"Agenda do m\u00eas de maio de 2025\" target=\"_self\">Baixar agora!<\/a><\/span><span class=\"sdm_download_item_count\"><span class=\"sdm_item_count_number\">0<\/span><span class=\"sdm_item_count_string\"> Downloads<\/span><\/span><\/div><\/div><div class=\"sdm_download_item \"><div class=\"sdm_download_item_top\"><div class=\"sdm_download_thumbnail\"><\/div><div class=\"sdm_download_title\">Agenda do m\u00eas de abril de 2025<\/div><\/div><div style=\"clear:both;\"><\/div><div class=\"sdm_download_description\"><p>Dia 07 Sess\u00e3o Ordin\u00e1ria \u00e1s 18:00 horas;<\/p>\n<p>Dia 14 Sess\u00e3o Ordin\u00e1ria \u00e1s 18:00 horas;<\/p>\n<p>Dia 28 Sess\u00e3o Ordin\u00e1ria \u00e1s 18:00 horas;<\/p>\n<p>&nbsp;<\/p>\n<\/div><div class=\"sdm_download_link\"><span class=\"sdm_download_button\"><a href=\"https:\/\/site.camarapassasete.rs.gov.br\/site\/?sdm_process_download=1&download_id=8109\" class=\"sdm_download green\" title=\"Agenda do m\u00eas de abril de 2025\" target=\"_self\">Baixar agora!<\/a><\/span><span class=\"sdm_download_item_count\"><span class=\"sdm_item_count_number\">0<\/span><span class=\"sdm_item_count_string\"> Downloads<\/span><\/span><\/div><\/div><div class=\"sdm_download_item \"><div class=\"sdm_download_item_top\"><div class=\"sdm_download_thumbnail\"><\/div><div class=\"sdm_download_title\">Agenda do m\u00eas de mar\u00e7o de 2025<\/div><\/div><div style=\"clear:both;\"><\/div><div class=\"sdm_download_description\"><p>Dia 10 Sess\u00e3o Ordin\u00e1ria \u00e1s 18:00 horas;<\/p>\n<p>Dia 17 Sess\u00e3o Ordin\u00e1ria \u00e1s 18:00 horas;<\/p>\n<p>Dia 24 Sess\u00e3o Ordin\u00e1ria \u00e1s 18:00 horas;<\/p>\n<p>Dia 31 Sess\u00e3o Ordin\u00e1ria \u00e1s 18:00 horas;<\/p>\n<p>&nbsp;<\/p>\n<\/div><div class=\"sdm_download_link\"><span class=\"sdm_download_button\"><a href=\"https:\/\/site.camarapassasete.rs.gov.br\/site\/?sdm_process_download=1&download_id=8108\" class=\"sdm_download green\" title=\"Agenda do m\u00eas de mar\u00e7o de 2025\" target=\"_self\">Baixar agora!<\/a><\/span><span class=\"sdm_download_item_count\"><span class=\"sdm_item_count_number\">0<\/span><span class=\"sdm_item_count_string\"> Downloads<\/span><\/span><\/div><\/div><div class=\"sdm_download_item \"><div class=\"sdm_download_item_top\"><div class=\"sdm_download_thumbnail\"><\/div><div class=\"sdm_download_title\">Agenda do m\u00eas de fevereiro de 2025<\/div><\/div><div style=\"clear:both;\"><\/div><div class=\"sdm_download_description\"><p>Dia 03 Sess\u00e3o Ordin\u00e1ria \u00e1s 18:00 horas;<\/p>\n<p>Dia 10 Sess\u00e3o Ordin\u00e1ria \u00e1s 18:00 horas;<\/p>\n<p>Dia 17 Sess\u00e3o Ordin\u00e1ria \u00e1s 18:00 horas;<\/p>\n<p>Dia 24 Sess\u00e3o Ordin\u00e1ria \u00e1s 18:00 horas;<\/p>\n<p>&nbsp;<\/p>\n<\/div><div class=\"sdm_download_link\"><span class=\"sdm_download_button\"><a href=\"https:\/\/site.camarapassasete.rs.gov.br\/site\/?sdm_process_download=1&download_id=8107\" class=\"sdm_download green\" title=\"Agenda do m\u00eas de fevereiro de 2025\" target=\"_self\">Baixar agora!<\/a><\/span><span class=\"sdm_download_item_count\"><span class=\"sdm_item_count_number\">0<\/span><span class=\"sdm_item_count_string\"> Downloads<\/span><\/span><\/div><\/div><div class=\"sdm_download_item \"><div class=\"sdm_download_item_top\"><div class=\"sdm_download_thumbnail\"><\/div><div class=\"sdm_download_title\">Agenda do m\u00eas de janeiro de 2025<\/div><\/div><div style=\"clear:both;\"><\/div><div class=\"sdm_download_description\"><p>Dia 01 Sess\u00e3o Solene de Instala\u00e7\u00e3o Legislatura\u00a0 \u00e1s 09:00 horas;<\/p>\n<p>Dia 01 Sess\u00e3o Extraordin\u00e1ria \u00e1s 10:00 horas;<\/p>\n<p>Dia 01 Sess\u00e3o Extraordin\u00e1ria \u00e1s 10:45 horas;<\/p>\n<p>Dia 14 Sess\u00e3o Extraordin\u00e1ria \u00e1s 13:30 horas;<\/p>\n<p>Dia 20 Sess\u00e3o Extraordin\u00e1ria \u00e1s 13:30 horas;<\/p>\n<p>Dia 29 Sess\u00e3o Extraordin\u00e1ria \u00e1s 13:30 horas;<\/p>\n<\/div><div class=\"sdm_download_link\"><span class=\"sdm_download_button\"><a href=\"https:\/\/site.camarapassasete.rs.gov.br\/site\/?sdm_process_download=1&download_id=8106\" class=\"sdm_download green\" title=\"Agenda do m\u00eas de janeiro de 2025\" target=\"_self\">Baixar agora!<\/a><\/span><span class=\"sdm_download_item_count\"><span class=\"sdm_item_count_number\">0<\/span><span class=\"sdm_item_count_string\"> Downloads<\/span><\/span><\/div><\/div><div class=\"sdm_download_item \"><div class=\"sdm_download_item_top\"><div class=\"sdm_download_thumbnail\"><\/div><div class=\"sdm_download_title\">Agenda do m\u00eas de dezembro de 2024<\/div><\/div><div style=\"clear:both;\"><\/div><div class=\"sdm_download_description\"><p>Dia 02 Sess\u00e3o Ordin\u00e1ria \u00e1s 18:00 horas;<\/p>\n<p>Dia 09 Sess\u00e3o Ordin\u00e1ria \u00e1s 18:00 horas;<\/p>\n<p>Dia 16 Sess\u00e3o Ordin\u00e1ria \u00e1s 18:00 horas;<\/p>\n<p>Dia 23 Sess\u00e3o Ordin\u00e1ria \u00e1s 18:00 horas;<\/p>\n<p>Dia 30 Sess\u00e3o Ordin\u00e1ria \u00e1s 18:00 horas;<\/p>\n<\/div><div class=\"sdm_download_link\"><span class=\"sdm_download_button\"><a href=\"https:\/\/site.camarapassasete.rs.gov.br\/site\/?sdm_process_download=1&download_id=8105\" class=\"sdm_download green\" title=\"Agenda do m\u00eas de dezembro de 2024\" target=\"_self\">Baixar agora!<\/a><\/span><span class=\"sdm_download_item_count\"><span class=\"sdm_item_count_number\">0<\/span><span class=\"sdm_item_count_string\"> Downloads<\/span><\/span><\/div><\/div><div class=\"sdm_download_item \"><div class=\"sdm_download_item_top\"><div class=\"sdm_download_thumbnail\"><\/div><div class=\"sdm_download_title\">Agenda do m\u00eas de novembro de 2024<\/div><\/div><div style=\"clear:both;\"><\/div><div class=\"sdm_download_description\"><p>Dia 04 Sess\u00e3o Ordin\u00e1ria \u00e1s 18:00 horas;<\/p>\n<p>Dia 11 Sess\u00e3o Ordin\u00e1ria \u00e1s 18:00 horas;<\/p>\n<p>Dia 18 Sess\u00e3o Ordin\u00e1ria \u00e1s 18:00 horas;<\/p>\n<p>Dia 25 Sess\u00e3o Ordin\u00e1ria \u00e1s 18:00 horas;<\/p>\n<p>&nbsp;<\/p>\n<\/div><div class=\"sdm_download_link\"><span class=\"sdm_download_button\"><a href=\"https:\/\/site.camarapassasete.rs.gov.br\/site\/?sdm_process_download=1&download_id=8104\" class=\"sdm_download green\" title=\"Agenda do m\u00eas de novembro de 2024\" target=\"_self\">Baixar agora!<\/a><\/span><span class=\"sdm_download_item_count\"><span class=\"sdm_item_count_number\">0<\/span><span class=\"sdm_item_count_string\"> Downloads<\/span><\/span><\/div><\/div><div class=\"sdm_download_item \"><div class=\"sdm_download_item_top\"><div class=\"sdm_download_thumbnail\"><\/div><div class=\"sdm_download_title\">Agenda do m\u00eas de outubro de 2024<\/div><\/div><div style=\"clear:both;\"><\/div><div class=\"sdm_download_description\"><p>Dia 07 Sess\u00e3o Ordin\u00e1ria \u00e1s 18:00 horas;<\/p>\n<p>Dia 14 Sess\u00e3o Ordin\u00e1ria \u00e1s 18:00 horas;<\/p>\n<p>Dia 21 Sess\u00e3o Ordin\u00e1ria \u00e1s 18:00 horas;<\/p>\n<p>&nbsp;<\/p>\n<\/div><div class=\"sdm_download_link\"><span class=\"sdm_download_button\"><a href=\"https:\/\/site.camarapassasete.rs.gov.br\/site\/?sdm_process_download=1&download_id=8103\" class=\"sdm_download green\" title=\"Agenda do m\u00eas de outubro de 2024\" target=\"_self\">Baixar agora!<\/a><\/span><span class=\"sdm_download_item_count\"><span class=\"sdm_item_count_number\">0<\/span><span class=\"sdm_item_count_string\"> Downloads<\/span><\/span><\/div><\/div><div class=\"sdm_download_item \"><div class=\"sdm_download_item_top\"><div class=\"sdm_download_thumbnail\"><\/div><div class=\"sdm_download_title\">Agenda do m\u00eas de Setembro de 2024<\/div><\/div><div style=\"clear:both;\"><\/div><div class=\"sdm_download_description\"><p>Dia 02 Sess\u00e3o Ordin\u00e1ria \u00e1s 18:00 horas;<\/p>\n<p>Dia 09 Sess\u00e3o Ordin\u00e1ria \u00e1s 18:00 horas;<\/p>\n<p>Dia 16 Sess\u00e3o Ordin\u00e1ria \u00e1s 18:00 horas;<\/p>\n<p>Dia 23 Sess\u00e3o Ordin\u00e1ria \u00e1s 18:00 horas;<\/p>\n<p>Dia 30 Sess\u00e3o Ordin\u00e1ria \u00e1s 18:00 horas;<\/p>\n<\/div><div class=\"sdm_download_link\"><span class=\"sdm_download_button\"><a href=\"https:\/\/site.camarapassasete.rs.gov.br\/site\/?sdm_process_download=1&download_id=8102\" class=\"sdm_download green\" title=\"Agenda do m\u00eas de Setembro de 2024\" target=\"_self\">Baixar agora!<\/a><\/span><span class=\"sdm_download_item_count\"><span class=\"sdm_item_count_number\">0<\/span><span class=\"sdm_item_count_string\"> Downloads<\/span><\/span><\/div><\/div><div class=\"sdm_download_item \"><div class=\"sdm_download_item_top\"><div class=\"sdm_download_thumbnail\"><\/div><div class=\"sdm_download_title\">Agenda do m\u00eas de Agosto de 2024<\/div><\/div><div style=\"clear:both;\"><\/div><div class=\"sdm_download_description\"><p>Dia 05 Sess\u00e3o Ordin\u00e1ria \u00e1s 18:00 horas;<\/p>\n<p>Dia 12 Sess\u00e3o Ordin\u00e1ria \u00e1s 18:00 horas;<\/p>\n<p>Dia 19 Sess\u00e3o Ordin\u00e1ria \u00e1s 18:00 horas;<\/p>\n<p>Dia 26 Sess\u00e3o Ordin\u00e1ria \u00e1s 18:00 horas;<\/p>\n<p>&nbsp;<\/p>\n<\/div><div class=\"sdm_download_link\"><span class=\"sdm_download_button\"><a href=\"https:\/\/site.camarapassasete.rs.gov.br\/site\/?sdm_process_download=1&download_id=8101\" class=\"sdm_download green\" title=\"Agenda do m\u00eas de Agosto de 2024\" target=\"_self\">Baixar agora!<\/a><\/span><span class=\"sdm_download_item_count\"><span class=\"sdm_item_count_number\">0<\/span><span class=\"sdm_item_count_string\"> Downloads<\/span><\/span><\/div><\/div><div class=\"sdm_clear_float\"><\/div><div class=\"sdm_pagination\"><span aria-current=\"page\" class=\"page-numbers current\">1<\/span>\n<a class=\"page-numbers\" href=\"https:\/\/site.camarapassasete.rs.gov.br\/site\/wp-json\/wp\/v2\/pages\/83\/page\/2\/\">2<\/a>\n<a class=\"next page-numbers\" href=\"https:\/\/site.camarapassasete.rs.gov.br\/site\/wp-json\/wp\/v2\/pages\/83\/page\/2\/\">&raquo;<\/a><\/div>\n","protected":false},"excerpt":{"rendered":"","protected":false},"author":2,"featured_media":0,"parent":0,"menu_order":0,"comment_status":"closed","ping_status":"closed","template":"","meta":{"site-sidebar-layout":"default","site-content-layout":"","ast-site-content-layout":"","site-content-style":"default","site-sidebar-style":"default","ast-global-header-display":"","ast-banner-title-visibility":"","ast-main-header-display":"","ast-hfb-above-header-display":"","ast-hfb-below-header-display":"","ast-hfb-mobile-header-display":"","site-post-title":"","ast-breadcrumbs-content":"","ast-featured-img":"","footer-sml-layout":"","theme-transparent-header-meta":"","adv-header-id-meta":"","stick-header-meta":"","header-above-stick-meta":"","header-main-stick-meta":"","header-below-stick-meta":"","astra-migrate-meta-layouts":"default","ast-page-background-enabled":"default","ast-page-background-meta":{"desktop":{"background-color":"var(--ast-global-color-4)","background-image":"","background-repeat":"repeat","background-position":"center center","background-size":"auto","background-attachment":"scroll","background-type":"","background-media":"","overlay-type":"","overlay-color":"","overlay-opacity":"","overlay-gradient":""},"tablet":{"background-color":"","background-image":"","background-repeat":"repeat","background-position":"center center","background-size":"auto","background-attachment":"scroll","background-type":"","background-media":"","overlay-type":"","overlay-color":"","overlay-opacity":"","overlay-gradient":""},"mobile":{"background-color":"","background-image":"","background-repeat":"repeat","background-position":"center center","background-size":"auto","background-attachment":"scroll","background-type":"","background-media":"","overlay-type":"","overlay-color":"","overlay-opacity":"","overlay-gradient":""}},"ast-content-background-meta":{"desktop":{"background-color":"var(--ast-global-color-5)","background-image":"","background-repeat":"repeat","background-position":"center center","background-size":"auto","background-attachment":"scroll","background-type":"","background-media":"","overlay-type":"","overlay-color":"","overlay-opacity":"","overlay-gradient":""},"tablet":{"background-color":"var(--ast-global-color-5)","background-image":"","background-repeat":"repeat","background-position":"center center","background-size":"auto","background-attachment":"scroll","background-type":"","background-media":"","overlay-type":"","overlay-color":"","overlay-opacity":"","overlay-gradient":""},"mobile":{"background-color":"var(--ast-global-color-5)","background-image":"","background-repeat":"repeat","background-position":"center center","background-size":"auto","background-attachment":"scroll","background-type":"","background-media":"","overlay-type":"","overlay-color":"","overlay-opacity":"","overlay-gradient":""}},"footnotes":""},"class_list":["post-83","page","type-page","status-publish","hentry"],"_links":{"self":[{"href":"https:\/\/site.camarapassasete.rs.gov.br\/site\/wp-json\/wp\/v2\/pages\/83","targetHints":{"allow":["GET"]}}],"collection":[{"href":"https:\/\/site.camarapassasete.rs.gov.br\/site\/wp-json\/wp\/v2\/pages"}],"about":[{"href":"https:\/\/site.camarapassasete.rs.gov.br\/site\/wp-json\/wp\/v2\/types\/page"}],"author":[{"embeddable":true,"href":"https:\/\/site.camarapassasete.rs.gov.br\/site\/wp-json\/wp\/v2\/users\/2"}],"replies":[{"embeddable":true,"href":"https:\/\/site.camarapassasete.rs.gov.br\/site\/wp-json\/wp\/v2\/comments?post=83"}],"version-history":[{"count":1,"href":"https:\/\/site.camarapassasete.rs.gov.br\/site\/wp-json\/wp\/v2\/pages\/83\/revisions"}],"predecessor-version":[{"id":85,"href":"https:\/\/site.camarapassasete.rs.gov.br\/site\/wp-json\/wp\/v2\/pages\/83\/revisions\/85"}],"wp:attachment":[{"href":"https:\/\/site.camarapassasete.rs.gov.br\/site\/wp-json\/wp\/v2\/media?parent=83"}],"curies":[{"name":"wp","href":"https:\/\/api.w.org\/{rel}","templated":true}]}}